{"id":4666,"date":"2022-06-21T02:50:37","date_gmt":"2022-06-21T02:50:37","guid":{"rendered":"http:\/\/localhost\/theme_powerlegal\/?page_id=4666"},"modified":"2026-01-21T14:39:58","modified_gmt":"2026-01-21T14:39:58","slug":"resenas","status":"publish","type":"page","link":"https:\/\/acelawtx.com\/es\/reviews\/","title":{"rendered":"Opiniones"},"content":{"rendered":"<div data-elementor-type=\"wp-page\" data-elementor-id=\"4666\" class=\"elementor elementor-4666\">\n\t\t\t\t        <section class=\"elementor-section elementor-top-section elementor-element elementor-element-4a0a270 elementor-section-boxed elementor-section-height-default elementor-section-height-default pxl-shape-divider-none\" data-id=\"4a0a270\" data-element_type=\"section\" data-e-type=\"section\" data-settings=\"{&quot;background_background&quot;:&quot;classic&quot;}\">\n\n                \n                <div class=\"elementor-container elementor-column-gap-default\">\n                <div class=\"elementor-column elementor-col-100 elementor-top-column elementor-element elementor-element-2e2c1e5 pxl-column-element-default\" data-id=\"2e2c1e5\" data-element_type=\"column\" data-e-type=\"column\">\r\n        <div class=\"elementor-widget-wrap elementor-element-populated\">\r\n                    \t\t<div class=\"elementor-element elementor-element-caceefb elementor-widget elementor-widget-spacer\" data-id=\"caceefb\" data-element_type=\"widget\" data-e-type=\"widget\" data-widget_type=\"spacer.default\">\n\t\t\t\t\t\t\t<div class=\"elementor-spacer\">\n\t\t\t<div class=\"elementor-spacer-inner\"><\/div>\n\t\t<\/div>\n\t\t\t\t\t\t<\/div>\n\t\t\t\t<div class=\"elementor-element elementor-element-2cd3929 pxl-heading-layout-1 elementor-widget elementor-widget-pxl_heading\" data-id=\"2cd3929\" data-element_type=\"widget\" data-e-type=\"widget\" data-widget_type=\"pxl_heading.default\">\n\t\t\t\t<div class=\"elementor-widget-container\">\n\t\t\t\t\t<div class=\"pxl-heading-wrap d-flex layout1\">\n    <div class=\"pxl-heading-inner center\">\n                    <div class=\"heading-subtitle\">\n                <span>Testimonios<\/span>\n            <\/div>\n        \n        <h2 class=\"heading-title\">\n            <span >\n                Experiencias de los clientes en Ace Law            <\/span>\n                    <\/h2>\n\n            <\/div>\n<\/div>\n\n\t\t\t\t<\/div>\n\t\t\t\t<\/div>\n\t\t\t\t<div class=\"elementor-element elementor-element-c5d58f2 elementor-widget elementor-widget-pxl_text_editor\" data-id=\"c5d58f2\" data-element_type=\"widget\" data-e-type=\"widget\" data-widget_type=\"pxl_text_editor.default\">\n\t\t\t\t<div class=\"elementor-widget-container\">\n\t\t\t\t\t<div id=\"pxl_text_editor-c5d58f2-1235\" class=\"pxl-text-editor-wrap d-flex\" >\n\t<div class=\"pxl-text-editor elementor-clearfix\">\n        <p>En Ace Law, valoramos profundamente la confianza que nuestros clientes depositan en nosotros. Cada caso representa una oportunidad significativa para marcar la diferencia, y sus comentarios nos ayudan a seguir brindando el m\u00e1s alto nivel de servicio legal y atenci\u00f3n personalizada. Le invitamos a leer lo que nuestros clientes dicen sobre su experiencia con el abogado Kevin Acevedo y nuestro equipo. Si hemos tenido el privilegio de ayudarle, le agradecer\u00edamos mucho que dejara su opini\u00f3n en Google: sus palabras ayudar\u00e1n a otras personas a encontrar la representaci\u00f3n legal confiable que se merecen.<\/p><p style=\"text-align: center;\"><div data-src=\"https:\/\/cdn.trustindex.io\/loader.js?e7040a6583a09176f206d028510\"><\/div><\/p>\t<\/div>\n<\/div>\t\t\t\t<\/div>\n\t\t\t\t<\/div>\n\t\t\t\t<div class=\"elementor-element elementor-element-b366154 elementor-widget elementor-widget-spacer\" data-id=\"b366154\" data-element_type=\"widget\" data-e-type=\"widget\" data-widget_type=\"spacer.default\">\n\t\t\t\t\t\t\t<div class=\"elementor-spacer\">\n\t\t\t<div class=\"elementor-spacer-inner\"><\/div>\n\t\t<\/div>\n\t\t\t\t\t\t<\/div>\n\t\t                    <\/div>\r\n        <\/div>\r\n        \t\t\t<\/div>\n\t\t<\/section>\n\t\t        <section class=\"elementor-section elementor-top-section elementor-element elementor-element-47893e4 elementor-section-full_width elementor-section-height-default elementor-section-height-default pxl-section-offset-none pxl-shape-divider-none\" data-id=\"47893e4\" data-element_type=\"section\" data-e-type=\"section\" data-settings=\"{&quot;background_background&quot;:&quot;classic&quot;}\">\n\n                \n                <div class=\"elementor-container elementor-column-gap-default\">\n                <div class=\"elementor-column elementor-col-100 elementor-top-column elementor-element elementor-element-164c70c pxl-column-element-default\" data-id=\"164c70c\" data-element_type=\"column\" data-e-type=\"column\">\r\n        <div class=\"elementor-widget-wrap elementor-element-populated\">\r\n                    \t\t<div class=\"elementor-element elementor-element-fc1c5d5 pxl-clients-layout-1 elementor-widget elementor-widget-pxl_clients\" data-id=\"fc1c5d5\" data-element_type=\"widget\" data-e-type=\"widget\" data-widget_type=\"pxl_clients.default\">\n\t\t\t\t<div class=\"elementor-widget-container\">\n\t\t\t\t\t\r\n    <div class=\"pxl-swiper-slider pxl-clients layout-1\">\r\n        <div class=\"pxl-swiper-slider-wrap pxl-carousel-inner overflow-hidden\">\r\n            <div class=\"pxl-swiper-container\" dir=\"ltr\" data-settings=\"{&quot;slide_direction&quot;:&quot;horizontal&quot;,&quot;slide_percolumn&quot;:&quot;1&quot;,&quot;slide_mode&quot;:&quot;slide&quot;,&quot;slides_to_show_xxl&quot;:&quot;6&quot;,&quot;slides_to_show&quot;:&quot;5&quot;,&quot;slides_to_show_lg&quot;:&quot;4&quot;,&quot;slides_to_show_md&quot;:&quot;3&quot;,&quot;slides_to_show_sm&quot;:&quot;2&quot;,&quot;slides_to_show_xs&quot;:&quot;1&quot;,&quot;slides_to_scroll&quot;:&quot;1&quot;,&quot;slides_gutter&quot;:50,&quot;arrow&quot;:&quot;false&quot;,&quot;dots&quot;:&quot;false&quot;,&quot;dots_style&quot;:&quot;bullets&quot;,&quot;autoplay&quot;:&quot;true&quot;,&quot;pause_on_hover&quot;:&quot;true&quot;,&quot;pause_on_interaction&quot;:&quot;true&quot;,&quot;delay&quot;:4000,&quot;loop&quot;:&quot;true&quot;,&quot;speed&quot;:400}\">\r\n                <div class=\"pxl-swiper-wrapper swiper-wrapper\">\r\n                                            <div class=\"pxl-swiper-slide swiper-slide\">\r\n                            <div class=\"item-inner relative\">\r\n                                <div class=\"item-image-wrap\">\r\n                                                                            <div class=\"item-image\">\r\n                                            <a href=\"#\" target=\"_blank\"><img decoding=\"async\" width=\"206\" height=\"111\" src=\"https:\/\/acelawtx.com\/wp-content\/uploads\/2025\/11\/HTLA-rs.png.webp\" class=\"no-lazyload attachment-full\" alt=\"\"><\/a>                                        <\/div>\r\n                                                                    <\/div>\r\n                                <div class=\"item-content d-none\">\r\n                                    <h4 class=\"item-name\"><\/h4>\r\n                                <\/div>\r\n                                \r\n                            <\/div>\r\n                        <\/div>\r\n                                            <div class=\"pxl-swiper-slide swiper-slide\">\r\n                            <div class=\"item-inner relative\">\r\n                                <div class=\"item-image-wrap\">\r\n                                                                            <div class=\"item-image\">\r\n                                            <a href=\"#\" target=\"_blank\"><img decoding=\"async\" width=\"112\" height=\"111\" src=\"https:\/\/acelawtx.com\/wp-content\/uploads\/2025\/11\/TCDLA-Logo-rs.jpg.webp\" class=\"no-lazyload attachment-full\" alt=\"\"><\/a>                                        <\/div>\r\n                                                                    <\/div>\r\n                                <div class=\"item-content d-none\">\r\n                                    <h4 class=\"item-name\"><\/h4>\r\n                                <\/div>\r\n                                \r\n                            <\/div>\r\n                        <\/div>\r\n                                            <div class=\"pxl-swiper-slide swiper-slide\">\r\n                            <div class=\"item-inner relative\">\r\n                                <div class=\"item-image-wrap\">\r\n                                                                            <div class=\"item-image\">\r\n                                            <a href=\"#\" target=\"_blank\"><img decoding=\"async\" width=\"111\" height=\"111\" src=\"https:\/\/acelawtx.com\/wp-content\/uploads\/2025\/11\/tla-logo.webp\" class=\"no-lazyload attachment-full\" alt=\"\"><\/a>                                        <\/div>\r\n                                                                    <\/div>\r\n                                <div class=\"item-content d-none\">\r\n                                    <h4 class=\"item-name\"><\/h4>\r\n                                <\/div>\r\n                                \r\n                            <\/div>\r\n                        <\/div>\r\n                                            <div class=\"pxl-swiper-slide swiper-slide\">\r\n                            <div class=\"item-inner relative\">\r\n                                <div class=\"item-image-wrap\">\r\n                                                                            <div class=\"item-image\">\r\n                                            <a href=\"#\" target=\"_blank\"><img decoding=\"async\" width=\"510\" height=\"510\" src=\"https:\/\/acelawtx.com\/wp-content\/uploads\/2026\/01\/2024-11-20.webp\" class=\"no-lazyload attachment-full\" alt=\"\"><\/a>                                        <\/div>\r\n                                                                    <\/div>\r\n                                <div class=\"item-content d-none\">\r\n                                    <h4 class=\"item-name\"><\/h4>\r\n                                <\/div>\r\n                                \r\n                            <\/div>\r\n                        <\/div>\r\n                                            <div class=\"pxl-swiper-slide swiper-slide\">\r\n                            <div class=\"item-inner relative\">\r\n                                <div class=\"item-image-wrap\">\r\n                                                                            <div class=\"item-image\">\r\n                                            <a href=\"#\" target=\"_blank\"><img decoding=\"async\" width=\"113\" height=\"102\" src=\"https:\/\/acelawtx.com\/wp-content\/uploads\/2026\/01\/HisBA_Banner_Version_2650-e1768925333250.png\" class=\"no-lazyload attachment-full\" alt=\"hisbahouston\" \/><\/a>                                        <\/div>\r\n                                                                    <\/div>\r\n                                <div class=\"item-content d-none\">\r\n                                    <h4 class=\"item-name\"><\/h4>\r\n                                <\/div>\r\n                                \r\n                            <\/div>\r\n                        <\/div>\r\n                                            <div class=\"pxl-swiper-slide swiper-slide\">\r\n                            <div class=\"item-inner relative\">\r\n                                <div class=\"item-image-wrap\">\r\n                                                                            <div class=\"item-image\">\r\n                                            <a href=\"#\" target=\"_blank\"><img decoding=\"async\" width=\"240\" height=\"122\" src=\"https:\/\/acelawtx.com\/wp-content\/uploads\/2025\/12\/dcdea619-5bb1-454c-bbee-784494e4f0c4.jpeg\" class=\"no-lazyload attachment-full\" alt=\"Asociaci\u00f3n Americana de Justicia\" \/><\/a>                                        <\/div>\r\n                                                                    <\/div>\r\n                                <div class=\"item-content d-none\">\r\n                                    <h4 class=\"item-name\"><\/h4>\r\n                                <\/div>\r\n                                \r\n                            <\/div>\r\n                        <\/div>\r\n                                    <\/div>\r\n            <\/div>\r\n        <\/div>\r\n                    <\/div>\r\n  \t\t\t\t<\/div>\n\t\t\t\t<\/div>\n\t\t                    <\/div>\r\n        <\/div>\r\n        \t\t\t<\/div>\n\t\t<\/section>\n\t\t        <section class=\"elementor-section elementor-top-section elementor-element elementor-element-657ee9d elementor-section-boxed elementor-section-height-default elementor-section-height-default pxl-shape-divider-none\" data-id=\"657ee9d\" data-element_type=\"section\" data-e-type=\"section\">\n\n                \n                <div class=\"elementor-container elementor-column-gap-default\">\n                <div class=\"elementor-column elementor-col-100 elementor-top-column elementor-element elementor-element-77755b8 pxl-column-element-default\" data-id=\"77755b8\" data-element_type=\"column\" data-e-type=\"column\">\r\n        <div class=\"elementor-widget-wrap elementor-element-populated\">\r\n                    \t\t<div class=\"elementor-element elementor-element-9a1b74e elementor-widget-divider--view-line elementor-widget elementor-widget-divider\" data-id=\"9a1b74e\" data-element_type=\"widget\" data-e-type=\"widget\" data-widget_type=\"divider.default\">\n\t\t\t\t\t\t\t<div class=\"elementor-divider\">\n\t\t\t<span class=\"elementor-divider-separator\">\n\t\t\t\t\t\t<\/span>\n\t\t<\/div>\n\t\t\t\t\t\t<\/div>\n\t\t                    <\/div>\r\n        <\/div>\r\n        \t\t\t<\/div>\n\t\t<\/section>\n\t\t\t\t<\/div>","protected":false},"excerpt":{"rendered":"<p>testimonials Client Experiences at Ace Law At Ace Law, we deeply value the trust our clients place in us. Every case represents a meaningful opportunity to make a difference, and your feedback helps us continue providing the highest level of legal service and personal attention. We invite you to read what our clients say about [&hellip;]<\/p>\n","protected":false},"author":1,"featured_media":0,"parent":0,"menu_order":0,"comment_status":"closed","ping_status":"closed","template":"","meta":{"footnotes":""},"class_list":["post-4666","page","type-page","status-publish","hentry"],"_links":{"self":[{"href":"https:\/\/acelawtx.com\/es\/wp-json\/wp\/v2\/pages\/4666","targetHints":{"allow":["GET"]}}],"collection":[{"href":"https:\/\/acelawtx.com\/es\/wp-json\/wp\/v2\/pages"}],"about":[{"href":"https:\/\/acelawtx.com\/es\/wp-json\/wp\/v2\/types\/page"}],"author":[{"embeddable":true,"href":"https:\/\/acelawtx.com\/es\/wp-json\/wp\/v2\/users\/1"}],"replies":[{"embeddable":true,"href":"https:\/\/acelawtx.com\/es\/wp-json\/wp\/v2\/comments?post=4666"}],"version-history":[{"count":13,"href":"https:\/\/acelawtx.com\/es\/wp-json\/wp\/v2\/pages\/4666\/revisions"}],"predecessor-version":[{"id":15369,"href":"https:\/\/acelawtx.com\/es\/wp-json\/wp\/v2\/pages\/4666\/revisions\/15369"}],"wp:attachment":[{"href":"https:\/\/acelawtx.com\/es\/wp-json\/wp\/v2\/media?parent=4666"}],"curies":[{"name":"wp","href":"https:\/\/api.w.org\/{rel}","templated":true}]}}