{"id":3881,"date":"2022-06-13T02:52:26","date_gmt":"2022-06-13T02:52:26","guid":{"rendered":"http:\/\/localhost\/theme_powerlegal\/?page_id=3881"},"modified":"2026-02-12T16:42:30","modified_gmt":"2026-02-12T16:42:30","slug":"samantha-d-leal","status":"publish","type":"page","link":"https:\/\/acelawtx.com\/es\/our-team\/samantha-d-leal\/","title":{"rendered":"Samantha D Leal"},"content":{"rendered":"<div data-elementor-type=\"wp-page\" data-elementor-id=\"3881\" class=\"elementor elementor-3881\">\n\t\t\t\t        <section class=\"elementor-section elementor-top-section elementor-element elementor-element-aff431a elementor-section-boxed elementor-section-height-default elementor-section-height-default pxl-shape-divider-none\" data-id=\"aff431a\" data-element_type=\"section\" data-e-type=\"section\">\n\n                \n                <div class=\"elementor-container elementor-column-gap-default\">\n                <div class=\"elementor-column elementor-col-100 elementor-top-column elementor-element elementor-element-8113f01 pxl-column-element-default\" data-id=\"8113f01\" data-element_type=\"column\" data-e-type=\"column\">\r\n        <div class=\"elementor-widget-wrap elementor-element-populated\">\r\n                            <section class=\"elementor-section elementor-inner-section elementor-element elementor-element-da8ed65 elementor-section-boxed elementor-section-height-default elementor-section-height-default pxl-shape-divider-none\" data-id=\"da8ed65\" data-element_type=\"section\" data-e-type=\"section\" data-settings=\"{&quot;background_background&quot;:&quot;classic&quot;}\">\n\n                            <div class=\"elementor-background-overlay\"><\/div>\n            \n                <div class=\"elementor-container elementor-column-gap-default\">\n                <div class=\"elementor-column elementor-col-100 elementor-inner-column elementor-element elementor-element-838b205 pxl-column-element-default\" data-id=\"838b205\" data-element_type=\"column\" data-e-type=\"column\">\r\n        <div class=\"elementor-widget-wrap elementor-element-populated\">\r\n                    \t\t<div class=\"elementor-element elementor-element-b5aa5f5 pxl-heading-layout-1 elementor-widget elementor-widget-pxl_heading\" data-id=\"b5aa5f5\" data-element_type=\"widget\" data-e-type=\"widget\" data-widget_type=\"pxl_heading.default\">\n\t\t\t\t<div class=\"elementor-widget-container\">\n\t\t\t\t\t<div class=\"pxl-heading-wrap d-flex layout1\">\n    <div class=\"pxl-heading-inner center\">\n        \n        <h4 class=\"heading-title\">\n            <span >\n                El est\u00e1ndar profesional de Samantha se resume en una palabra: excelencia. Tras asumir la responsabilidad de cientos de tareas diarias cr\u00edticas, estrat\u00e9gicas y de gesti\u00f3n, Samantha D. Leal se ha convertido r\u00e1pidamente en un activo indispensable para Ace Law y una raz\u00f3n clave por la que el bufete de abogados ha tenido un \u00e9xito casi de la noche a la ma\u00f1ana. Desde que se uni\u00f3 a la firma como Directora de Operaciones en febrero de 2025, es innegable que el crecimiento y el \u00e9xito de la firma se han acelerado. Con su liderazgo, Ace Law se ha convertido r\u00e1pidamente en un bufete de abogados reconocido y solicitado en el mercado de Houston en un per\u00edodo de tiempo muy corto.            <\/span>\n                    <\/h4>\n\n            <\/div>\n<\/div>\n\n\t\t\t\t<\/div>\n\t\t\t\t<\/div>\n\t\t                    <\/div>\r\n        <\/div>\r\n        \t\t\t<\/div>\n\t\t<\/section>\n\t\t                    <\/div>\r\n        <\/div>\r\n        \t\t\t<\/div>\n\t\t<\/section>\n\t\t        <section class=\"elementor-section elementor-top-section elementor-element elementor-element-5ba77ca elementor-section-boxed elementor-section-height-default elementor-section-height-default pxl-shape-divider-none\" data-id=\"5ba77ca\" data-element_type=\"section\" data-e-type=\"section\">\n\n                \n                <div class=\"elementor-container elementor-column-gap-default\">\n                <div class=\"elementor-column elementor-col-50 elementor-top-column elementor-element elementor-element-b39999f pxl-column-element-default\" data-id=\"b39999f\" data-element_type=\"column\" data-e-type=\"column\">\r\n        <div class=\"elementor-widget-wrap elementor-element-populated\">\r\n                    \t\t<div class=\"elementor-element elementor-element-1782c3b flash-hover elementor-widget elementor-widget-image\" data-id=\"1782c3b\" data-element_type=\"widget\" data-e-type=\"widget\" data-widget_type=\"image.default\">\n\t\t\t\t\t\t\t\t\t\t\t\t\t\t\t<img decoding=\"async\" width=\"724\" height=\"1024\" src=\"https:\/\/acelawtx.com\/wp-content\/uploads\/2025\/11\/samantha-e1763592694214-724x1024.webp\" class=\"attachment-large size-large wp-image-10820\" alt=\"\" srcset=\"https:\/\/acelawtx.com\/wp-content\/uploads\/2025\/11\/samantha-e1763592694214-724x1024.webp 724w, https:\/\/acelawtx.com\/wp-content\/uploads\/2025\/11\/samantha-e1763592694214-212x300.webp 212w, https:\/\/acelawtx.com\/wp-content\/uploads\/2025\/11\/samantha-e1763592694214-768x1087.webp 768w, https:\/\/acelawtx.com\/wp-content\/uploads\/2025\/11\/samantha-e1763592694214-396x560.webp 396w, https:\/\/acelawtx.com\/wp-content\/uploads\/2025\/11\/samantha-e1763592694214-8x12.webp 8w, https:\/\/acelawtx.com\/wp-content\/uploads\/2025\/11\/samantha-e1763592694214.webp 800w\" sizes=\"(max-width: 724px) 100vw, 724px\">\t\t\t\t\t\t\t\t\t\t\t\t\t\t\t<\/div>\n\t\t                    <\/div>\r\n        <\/div>\r\n                <div class=\"elementor-column elementor-col-50 elementor-top-column elementor-element elementor-element-a712289 pxl-column-element-default\" data-id=\"a712289\" data-element_type=\"column\" data-e-type=\"column\" data-settings=\"{&quot;background_background&quot;:&quot;classic&quot;}\">\r\n        <div class=\"elementor-widget-wrap elementor-element-populated\">\r\n                    \t\t<div class=\"elementor-element elementor-element-751cb8c pxl-heading-layout-1 elementor-widget elementor-widget-pxl_heading\" data-id=\"751cb8c\" data-element_type=\"widget\" data-e-type=\"widget\" data-widget_type=\"pxl_heading.default\">\n\t\t\t\t<div class=\"elementor-widget-container\">\n\t\t\t\t\t<div class=\"pxl-heading-wrap d-flex layout1\">\n    <div class=\"pxl-heading-inner\">\n        \n        <h4 class=\"heading-title\">\n            <span >\n                Biograf\u00eda<br \/>\n            <\/span>\n                    <\/h4>\n\n            <\/div>\n<\/div>\n\n\t\t\t\t<\/div>\n\t\t\t\t<\/div>\n\t\t\t\t<div class=\"elementor-element elementor-element-b390da8 elementor-widget elementor-widget-pxl_text_editor\" data-id=\"b390da8\" data-element_type=\"widget\" data-e-type=\"widget\" data-widget_type=\"pxl_text_editor.default\">\n\t\t\t\t<div class=\"elementor-widget-container\">\n\t\t\t\t\t<div id=\"pxl_text_editor-b390da8-9948\" class=\"pxl-text-editor-wrap d-flex\" >\n\t<div class=\"pxl-text-editor elementor-clearfix\">\n        <p>Samantha supervisa las actividades operativas en todos los niveles del bufete, asegur\u00e1ndose de que cada cliente reciba un servicio legal del m\u00e1s alto nivel. Samantha cuenta con una capacidad organizativa excepcional y un gran liderazgo. Es firme, pero compasiva. Madre, esposa y mujer de fe, con m\u00e1s de diecis\u00e9is (16) a\u00f1os de experiencia en el \u00e1mbito legal y en litigios, conoce todos los aspectos del sector jur\u00eddico. Samantha cuenta con un amplio conocimiento en m\u00faltiples \u00e1reas del derecho, incluyendo defensa penal, lesiones personales, responsabilidad por productos defectuosos, seguros de propiedad de primera parte y disputas empresariales y comerciales, entre otras. Como l\u00edder tenaz y dedicada, ha gestionado un gran volumen de casos tanto en tribunales estatales como federales, aportando precisi\u00f3n, eficiencia y una dedicaci\u00f3n incansable a cada asunto. Los amplios conocimientos y la experiencia en gesti\u00f3n de casos de Samantha est\u00e1n respaldados por un estilo agresivo y proactivo y una s\u00f3lida base en investigaci\u00f3n jur\u00eddica y an\u00e1lisis de casos. Apasionada por lograr los mejores resultados posibles, trabaja incansablemente para proteger los derechos e intereses de los clientes. Anteriormente se desempe\u00f1\u00f3 como Gerente de Asistentes Legales y luego como Directora de Operaciones (COO) de un bufete de abogados de servicio completo en Houston durante diez a\u00f1os, supervisando a m\u00e1s de cuarenta asistentes legales y un equipo de personal administrativo y legal que sumaba m\u00e1s de 100 personas. Hoy en d\u00eda, en su cargo de directora de operaciones de Ace Law, Samantha lidera estrategias de mejora de procesos que han fortalecido la capacidad del bufete para ofrecer resultados exitosos y consistentes, el enfoque y el compromiso del personal, la atenci\u00f3n al detalle y una experiencia sin igual a cada cliente al que atendemos. Fuera del trabajo, a Samantha le gusta pasar tiempo con su familia, ver un buen combate de boxeo con su esposo y llevar a sus hijos a la \u2019clase de Jes\u00fas\u201c los domingos.\u00a0<\/p>\t<\/div>\n<\/div>\t\t\t\t<\/div>\n\t\t\t\t<\/div>\n\t\t                    <\/div>\r\n        <\/div>\r\n        \t\t\t<\/div>\n\t\t<\/section>\n\t\t        <section class=\"elementor-section elementor-top-section elementor-element elementor-element-8d66fc8 elementor-reverse-tablet elementor-reverse-mobile_extra elementor-reverse-mobile elementor-section-boxed elementor-section-height-default elementor-section-height-default pxl-shape-divider-none\" data-id=\"8d66fc8\" data-element_type=\"section\" data-e-type=\"section\">\n\n                \n                <div class=\"elementor-container elementor-column-gap-default\">\n                <div class=\"elementor-column elementor-col-50 elementor-top-column elementor-element elementor-element-7655d20 pxl-column-element-default\" data-id=\"7655d20\" data-element_type=\"column\" data-e-type=\"column\">\r\n        <div class=\"elementor-widget-wrap elementor-element-populated\">\r\n                            <section class=\"elementor-section elementor-inner-section elementor-element elementor-element-d12f612 elementor-section-boxed elementor-section-height-default elementor-section-height-default pxl-shape-divider-none\" data-id=\"d12f612\" data-element_type=\"section\" data-e-type=\"section\">\n\n                \n                <div class=\"elementor-container elementor-column-gap-no\">\n                <div class=\"elementor-column elementor-col-100 elementor-inner-column elementor-element elementor-element-d5accbb pxl-column-element-default\" data-id=\"d5accbb\" data-element_type=\"column\" data-e-type=\"column\">\r\n        <div class=\"elementor-widget-wrap elementor-element-populated\">\r\n                    \t\t<div class=\"elementor-element elementor-element-c276456 elementor-widget elementor-widget-pxl_sidebar_tabs\" data-id=\"c276456\" data-element_type=\"widget\" data-e-type=\"widget\" data-widget_type=\"pxl_sidebar_tabs.default\">\n\t\t\t\t<div class=\"elementor-widget-container\">\n\t\t\t\t\t    <div class=\"pxl-sidebar-tabs\">\r\n                    <div class=\"anchor-link-item\" data-target=\"#anchor-inner-overview\">\r\n                <span>Participaci\u00f3n en la comunidad<\/span>\r\n                <i class=\"zmdi zmdi-long-arrow-right\"><\/i>\r\n            <\/div>\r\n                    <div class=\"anchor-link-item\" data-target=\"#anchor-inner-area\">\r\n                <span>Asociaciones profesionales y membres\u00edas<\/span>\r\n                <i class=\"zmdi zmdi-long-arrow-right\"><\/i>\r\n            <\/div>\r\n                    <div class=\"anchor-link-item\" data-target=\"#anchor-inner-case\">\r\n                <span>Idiomas<\/span>\r\n                <i class=\"zmdi zmdi-long-arrow-right\"><\/i>\r\n            <\/div>\r\n            <\/div>\r\n    \t\t\t\t<\/div>\n\t\t\t\t<\/div>\n\t\t                    <\/div>\r\n        <\/div>\r\n        \t\t\t<\/div>\n\t\t<\/section>\n\t\t        <section class=\"elementor-section elementor-inner-section elementor-element elementor-element-1ba8167 elementor-section-boxed elementor-section-height-default elementor-section-height-default pxl-shape-divider-none\" data-id=\"1ba8167\" data-element_type=\"section\" data-e-type=\"section\" data-settings=\"{&quot;background_background&quot;:&quot;classic&quot;}\">\n\n                            <div class=\"elementor-background-overlay\"><\/div>\n            \n                <div class=\"elementor-container elementor-column-gap-no\">\n                <div class=\"elementor-column elementor-col-100 elementor-inner-column elementor-element elementor-element-afdfe6e pxl-column-element-default\" data-id=\"afdfe6e\" data-element_type=\"column\" data-e-type=\"column\">\r\n        <div class=\"elementor-widget-wrap elementor-element-populated\">\r\n                    \t\t<div class=\"elementor-element elementor-element-453ac3a widget-title pxl-heading-layout-1 elementor-widget elementor-widget-pxl_heading\" data-id=\"453ac3a\" data-element_type=\"widget\" data-e-type=\"widget\" data-widget_type=\"pxl_heading.default\">\n\t\t\t\t<div class=\"elementor-widget-container\">\n\t\t\t\t\t<div class=\"pxl-heading-wrap d-flex layout1\">\n    <div class=\"pxl-heading-inner\">\n        \n        <h2 class=\"heading-title\">\n            <span >\n                Vamos a ganar <span class=\"color-primary\">juntos<\/span>            <\/span>\n                    <\/h2>\n\n            <\/div>\n<\/div>\n\n\t\t\t\t<\/div>\n\t\t\t\t<\/div>\n\t\t\t\t<div class=\"elementor-element elementor-element-c8627e4 elementor-widget elementor-widget-text-editor\" data-id=\"c8627e4\" data-element_type=\"widget\" data-e-type=\"widget\" data-widget_type=\"text-editor.default\">\n\t\t\t\t\t\t\t\t\t<p>Por favor, si\u00e9ntase libre de contactarnos. Nos pondremos en contacto con usted en 1 d\u00eda h\u00e1bil. O ll\u00e1menos ahora mismo.<\/p>\t\t\t\t\t\t\t\t<\/div>\n\t\t\t\t<div class=\"elementor-element elementor-element-3d40a56 elementor-widget-divider--view-line elementor-widget elementor-widget-divider\" data-id=\"3d40a56\" data-element_type=\"widget\" data-e-type=\"widget\" data-widget_type=\"divider.default\">\n\t\t\t\t\t\t\t<div class=\"elementor-divider\">\n\t\t\t<span class=\"elementor-divider-separator\">\n\t\t\t\t\t\t<\/span>\n\t\t<\/div>\n\t\t\t\t\t\t<\/div>\n\t\t\t\t<div class=\"elementor-element elementor-element-23faeba elementor-position-inline-start mobile-inline elementor-view-default elementor-mobile-position-block-start elementor-widget elementor-widget-icon-box\" data-id=\"23faeba\" data-element_type=\"widget\" data-e-type=\"widget\" data-widget_type=\"icon-box.default\">\n\t\t\t\t\t\t\t<div class=\"elementor-icon-box-wrapper\">\n\n\t\t\t\t\t\t<div class=\"elementor-icon-box-icon\">\n\t\t\t\t<a href=\"tel:713-344-1833\" target=\"_blank\" rel=\"nofollow\" class=\"elementor-icon elementor-animation-pulse\" tabindex=\"-1\" aria-label=\"713-344-1833\">\n\t\t\t\t<i aria-hidden=\"true\" class=\"zmdi zmdi-phone\"><\/i>\t\t\t\t<\/a>\n\t\t\t<\/div>\n\t\t\t\n\t\t\t\t\t\t<div class=\"elementor-icon-box-content\">\n\n\t\t\t\t\t\t\t\t\t<h3 class=\"elementor-icon-box-title\">\n\t\t\t\t\t\t<a href=\"tel:713-344-1833\" target=\"_blank\" rel=\"nofollow\" >\n\t\t\t\t\t\t\t713-344-1833\t\t\t\t\t\t<\/a>\n\t\t\t\t\t<\/h3>\n\t\t\t\t\n\t\t\t\t\n\t\t\t<\/div>\n\t\t\t\n\t\t<\/div>\n\t\t\t\t\t\t<\/div>\n\t\t\t\t<div class=\"elementor-element elementor-element-64366ef elementor-position-inline-start mobile-inline elementor-view-default elementor-mobile-position-block-start elementor-widget elementor-widget-icon-box\" data-id=\"64366ef\" data-element_type=\"widget\" data-e-type=\"widget\" data-widget_type=\"icon-box.default\">\n\t\t\t\t\t\t\t<div class=\"elementor-icon-box-wrapper\">\n\n\t\t\t\t\t\t<div class=\"elementor-icon-box-icon\">\n\t\t\t\t<a href=\"mailto:contact@example.com\" class=\"elementor-icon elementor-animation-pulse\" tabindex=\"-1\" aria-label=\"office@acelawtx.com\">\n\t\t\t\t<i aria-hidden=\"true\" class=\"medcaline zmdi zmdi-email\"><\/i>\t\t\t\t<\/a>\n\t\t\t<\/div>\n\t\t\t\n\t\t\t\t\t\t<div class=\"elementor-icon-box-content\">\n\n\t\t\t\t\t\t\t\t\t<h3 class=\"elementor-icon-box-title\">\n\t\t\t\t\t\t<a href=\"mailto:contact@example.com\" >\n\t\t\t\t\t\t\toffice@acelawtx.com\t\t\t\t\t\t<\/a>\n\t\t\t\t\t<\/h3>\n\t\t\t\t\n\t\t\t\t\n\t\t\t<\/div>\n\t\t\t\n\t\t<\/div>\n\t\t\t\t\t\t<\/div>\n\t\t                    <\/div>\r\n        <\/div>\r\n        \t\t\t<\/div>\n\t\t<\/section>\n\t\t\t\t<div class=\"elementor-element elementor-element-f69b0a5 elementor-widget elementor-widget-pxl_button\" data-id=\"f69b0a5\" data-element_type=\"widget\" data-e-type=\"widget\" data-widget_type=\"pxl_button.default\">\n\t\t\t\t<div class=\"elementor-widget-container\">\n\t\t\t\t\t<div id=\"pxl_button-f69b0a5-6146\" class=\"pxl-button-wrapper d-flex pxl-button-layout1\">\r\n    <a href=\"https:\/\/acelawtx.com\/es\/contact\/\" class=\"btn btn-fullwidth icon-ps-right\">\r\n                <span class=\"pxl-button-text\">\u00a1cont\u00e1ctanos hoy!<\/span>\r\n            <\/a>\r\n<\/div>\t\t\t\t<\/div>\n\t\t\t\t<\/div>\n\t\t                    <\/div>\r\n        <\/div>\r\n                <div class=\"elementor-column elementor-col-50 elementor-top-column elementor-element elementor-element-e3f1f95 pxl-column-element-default\" data-id=\"e3f1f95\" data-element_type=\"column\" data-e-type=\"column\">\r\n        <div class=\"elementor-widget-wrap elementor-element-populated\">\r\n                            <section class=\"elementor-section elementor-inner-section elementor-element elementor-element-d8009d3 anchor-inner-item elementor-section-boxed elementor-section-height-default elementor-section-height-default pxl-shape-divider-none\" data-id=\"d8009d3\" data-element_type=\"section\" data-e-type=\"section\" id=\"anchor-inner-overview\">\n\n                \n                <div class=\"elementor-container elementor-column-gap-no\">\n                <div class=\"elementor-column elementor-col-100 elementor-inner-column elementor-element elementor-element-a71253b pxl-column-element-default\" data-id=\"a71253b\" data-element_type=\"column\" data-e-type=\"column\">\r\n        <div class=\"elementor-widget-wrap elementor-element-populated\">\r\n                    \t\t<div class=\"elementor-element elementor-element-3ff4fae pxl-heading-layout-1 elementor-widget elementor-widget-pxl_heading\" data-id=\"3ff4fae\" data-element_type=\"widget\" data-e-type=\"widget\" data-widget_type=\"pxl_heading.default\">\n\t\t\t\t<div class=\"elementor-widget-container\">\n\t\t\t\t\t<div class=\"pxl-heading-wrap d-flex layout1\">\n    <div class=\"pxl-heading-inner\">\n        \n        <h3 class=\"heading-title\">\n            <span >\n                Participaci\u00f3n en la comunidad            <\/span>\n                    <\/h3>\n\n            <\/div>\n<\/div>\n\n\t\t\t\t<\/div>\n\t\t\t\t<\/div>\n\t\t\t\t<div class=\"elementor-element elementor-element-3c13535 elementor-widget elementor-widget-pxl_text_editor\" data-id=\"3c13535\" data-element_type=\"widget\" data-e-type=\"widget\" data-widget_type=\"pxl_text_editor.default\">\n\t\t\t\t<div class=\"elementor-widget-container\">\n\t\t\t\t\t<div id=\"pxl_text_editor-3c13535-9322\" class=\"pxl-text-editor-wrap d-flex\" >\n\t<div class=\"pxl-text-editor elementor-clearfix\">\n        <p>Samantha cree en retribuir a la comunidad y ha organizado, patrocinado y participado en numerosas iniciativas ben\u00e9ficas, entre ellas:<\/p><ul><li>Dirigir un programa de mentor\u00eda cooperativa de secundaria con AAMA<\/li><li>Jornadas de alimentos con Centros Comunitarios Familiares<\/li><li>Voluntariado con Kids\u2019 Meals<\/li><li>Eventos del D\u00eda Mundial del Donante de M\u00e9dula \u00d3sea para NMDP<\/li><li>D\u00edas de reconocimiento organizados para el personal y \u201cd\u00edas de vestimenta\u201d para caridad.<\/li><li>Programa de pasant\u00edas de verano para estudiantes de derecho y asistentes legales<\/li><li>Desayuno y eventos de networking<\/li><li>Proyectos de despensa escolar primaria<\/li><li>Sesiones informativas comunitarias<\/li><li>Colectas de juguetes navide\u00f1os y eventos de donaci\u00f3n<\/li><li>Celebraciones del D\u00eda del Ni\u00f1o y colectas de donaci\u00f3n de mochilas<\/li><li>Campa\u00f1as trimestrales de donaci\u00f3n de sangre comunitaria<\/li><\/ul>\t<\/div>\n<\/div>\t\t\t\t<\/div>\n\t\t\t\t<\/div>\n\t\t\t\t<div class=\"elementor-element elementor-element-e630f60 elementor-widget-divider--view-line elementor-widget elementor-widget-divider\" data-id=\"e630f60\" data-element_type=\"widget\" data-e-type=\"widget\" data-widget_type=\"divider.default\">\n\t\t\t\t\t\t\t<div class=\"elementor-divider\">\n\t\t\t<span class=\"elementor-divider-separator\">\n\t\t\t\t\t\t<\/span>\n\t\t<\/div>\n\t\t\t\t\t\t<\/div>\n\t\t                    <\/div>\r\n        <\/div>\r\n        \t\t\t<\/div>\n\t\t<\/section>\n\t\t        <section class=\"elementor-section elementor-inner-section elementor-element elementor-element-bcaf374 anchor-inner-item elementor-section-boxed elementor-section-height-default elementor-section-height-default pxl-shape-divider-none\" data-id=\"bcaf374\" data-element_type=\"section\" data-e-type=\"section\" id=\"anchor-inner-area\">\n\n                \n                <div class=\"elementor-container elementor-column-gap-no\">\n                <div class=\"elementor-column elementor-col-100 elementor-inner-column elementor-element elementor-element-4183e1f pxl-column-element-default\" data-id=\"4183e1f\" data-element_type=\"column\" data-e-type=\"column\">\r\n        <div class=\"elementor-widget-wrap elementor-element-populated\">\r\n                    \t\t<div class=\"elementor-element elementor-element-8f90546 pxl-heading-layout-1 elementor-widget elementor-widget-pxl_heading\" data-id=\"8f90546\" data-element_type=\"widget\" data-e-type=\"widget\" data-widget_type=\"pxl_heading.default\">\n\t\t\t\t<div class=\"elementor-widget-container\">\n\t\t\t\t\t<div class=\"pxl-heading-wrap d-flex layout1\">\n    <div class=\"pxl-heading-inner\">\n        \n        <h3 class=\"heading-title\">\n            <span >\n                Asociaciones profesionales y membres\u00edas            <\/span>\n                    <\/h3>\n\n            <\/div>\n<\/div>\n\n\t\t\t\t<\/div>\n\t\t\t\t<\/div>\n\t\t\t\t<div class=\"elementor-element elementor-element-444a335 elementor-widget elementor-widget-pxl_text_editor\" data-id=\"444a335\" data-element_type=\"widget\" data-e-type=\"widget\" data-widget_type=\"pxl_text_editor.default\">\n\t\t\t\t<div class=\"elementor-widget-container\">\n\t\t\t\t\t<div id=\"pxl_text_editor-444a335-1337\" class=\"pxl-text-editor-wrap d-flex\" >\n\t<div class=\"pxl-text-editor elementor-clearfix\">\n        <ul><li>Colegio de Abogados de Texas \u2013 Divisi\u00f3n de Asistentes Legales \u00a0<\/li><li>Asociaci\u00f3n de Asistentes Legales de Houston<\/li><li>Asociaci\u00f3n Metropolitana de Asistentes Legales de Houston<\/li><li>Asociaci\u00f3n de Abogados de Defensa Criminal de Texas<\/li><li><a href=\"http:\/\/www.alanet.org\/\" target=\"_blank\" rel=\"noopener\">La Asociaci\u00f3n de Administradores Legales<\/a><\/li><\/ul>\t<\/div>\n<\/div>\t\t\t\t<\/div>\n\t\t\t\t<\/div>\n\t\t                    <\/div>\r\n        <\/div>\r\n        \t\t\t<\/div>\n\t\t<\/section>\n\t\t        <section class=\"elementor-section elementor-inner-section elementor-element elementor-element-1019c17 anchor-inner-item elementor-section-boxed elementor-section-height-default elementor-section-height-default pxl-shape-divider-none\" data-id=\"1019c17\" data-element_type=\"section\" data-e-type=\"section\" id=\"anchor-inner-case\">\n\n                \n                <div class=\"elementor-container elementor-column-gap-no\">\n                <div class=\"elementor-column elementor-col-100 elementor-inner-column elementor-element elementor-element-ea8fa61 pxl-column-element-default\" data-id=\"ea8fa61\" data-element_type=\"column\" data-e-type=\"column\">\r\n        <div class=\"elementor-widget-wrap elementor-element-populated\">\r\n                    \t\t<div class=\"elementor-element elementor-element-e657623 pxl-heading-layout-1 elementor-widget elementor-widget-pxl_heading\" data-id=\"e657623\" data-element_type=\"widget\" data-e-type=\"widget\" data-widget_type=\"pxl_heading.default\">\n\t\t\t\t<div class=\"elementor-widget-container\">\n\t\t\t\t\t<div class=\"pxl-heading-wrap d-flex layout1\">\n    <div class=\"pxl-heading-inner\">\n        \n        <h3 class=\"heading-title\">\n            <span >\n                Idiomas            <\/span>\n                    <\/h3>\n\n            <\/div>\n<\/div>\n\n\t\t\t\t<\/div>\n\t\t\t\t<\/div>\n\t\t\t\t<div class=\"elementor-element elementor-element-3a5c3a6 elementor-widget elementor-widget-pxl_text_editor\" data-id=\"3a5c3a6\" data-element_type=\"widget\" data-e-type=\"widget\" data-widget_type=\"pxl_text_editor.default\">\n\t\t\t\t<div class=\"elementor-widget-container\">\n\t\t\t\t\t<div id=\"pxl_text_editor-3a5c3a6-2789\" class=\"pxl-text-editor-wrap d-flex\" >\n\t<div class=\"pxl-text-editor elementor-clearfix\">\n        <ul><li>Ingl\u00e9s<\/li><li>Espa\u00f1ol<\/li><\/ul>\t<\/div>\n<\/div>\t\t\t\t<\/div>\n\t\t\t\t<\/div>\n\t\t                    <\/div>\r\n        <\/div>\r\n        \t\t\t<\/div>\n\t\t<\/section>\n\t\t                    <\/div>\r\n        <\/div>\r\n        \t\t\t<\/div>\n\t\t<\/section>\n\t\t\t\t<\/div>","protected":false},"excerpt":{"rendered":"<p>Samantha\u2019s professional standard is summed up in one word: excellence. After assuming responsibility over hundreds of daily critical, strategic and management tasks, Samantha D. Leal has quickly become an indispensable asset for Ace Law and a key reason the law firm has had almost overnight success. After joining the firm as the COO in February [&hellip;]<\/p>\n","protected":false},"author":1,"featured_media":0,"parent":3893,"menu_order":0,"comment_status":"closed","ping_status":"closed","template":"","meta":{"footnotes":""},"class_list":["post-3881","page","type-page","status-publish","hentry"],"_links":{"self":[{"href":"https:\/\/acelawtx.com\/es\/wp-json\/wp\/v2\/pages\/3881","targetHints":{"allow":["GET"]}}],"collection":[{"href":"https:\/\/acelawtx.com\/es\/wp-json\/wp\/v2\/pages"}],"about":[{"href":"https:\/\/acelawtx.com\/es\/wp-json\/wp\/v2\/types\/page"}],"author":[{"embeddable":true,"href":"https:\/\/acelawtx.com\/es\/wp-json\/wp\/v2\/users\/1"}],"replies":[{"embeddable":true,"href":"https:\/\/acelawtx.com\/es\/wp-json\/wp\/v2\/comments?post=3881"}],"version-history":[{"count":6,"href":"https:\/\/acelawtx.com\/es\/wp-json\/wp\/v2\/pages\/3881\/revisions"}],"predecessor-version":[{"id":15378,"href":"https:\/\/acelawtx.com\/es\/wp-json\/wp\/v2\/pages\/3881\/revisions\/15378"}],"up":[{"embeddable":true,"href":"https:\/\/acelawtx.com\/es\/wp-json\/wp\/v2\/pages\/3893"}],"wp:attachment":[{"href":"https:\/\/acelawtx.com\/es\/wp-json\/wp\/v2\/media?parent=3881"}],"curies":[{"name":"wp","href":"https:\/\/api.w.org\/{rel}","templated":true}]}}