{"id":2152,"date":"2022-05-27T08:52:23","date_gmt":"2022-05-27T08:52:23","guid":{"rendered":"http:\/\/localhost\/theme_powerlegal\/?page_id=2152"},"modified":"2026-03-21T16:37:42","modified_gmt":"2026-03-21T16:37:42","slug":"resultados-de-casos","status":"publish","type":"page","link":"https:\/\/acelawtx.com\/es\/case-results\/","title":{"rendered":"Resultados de casos"},"content":{"rendered":"<div data-elementor-type=\"wp-page\" data-elementor-id=\"2152\" class=\"elementor elementor-2152\">\n\t\t\t\t        <section class=\"elementor-section elementor-top-section elementor-element elementor-element-b4ac64d elementor-section-full_width pxl-section-offset-left elementor-section-height-default elementor-section-height-default pxl-container-width-container-1200 pxl-shape-divider-none\" data-id=\"b4ac64d\" data-element_type=\"section\" data-e-type=\"section\" data-settings=\"{&quot;background_background&quot;:&quot;classic&quot;}\">\n\n                            <div class=\"elementor-background-overlay\"><\/div>\n            \n                <div class=\"elementor-container elementor-column-gap-no\">\n                <div class=\"elementor-column elementor-col-33 elementor-top-column elementor-element elementor-element-79fd588 pxl-column-element-default\" data-id=\"79fd588\" data-element_type=\"column\" data-e-type=\"column\" data-settings=\"{&quot;background_background&quot;:&quot;classic&quot;}\">\r\n        <div class=\"elementor-widget-wrap elementor-element-populated\">\r\n                    \t\t<div class=\"elementor-element elementor-element-6b28845 elementor-widget elementor-widget-spacer\" data-id=\"6b28845\" data-element_type=\"widget\" data-e-type=\"widget\" data-widget_type=\"spacer.default\">\n\t\t\t\t\t\t\t<div class=\"elementor-spacer\">\n\t\t\t<div class=\"elementor-spacer-inner\"><\/div>\n\t\t<\/div>\n\t\t\t\t\t\t<\/div>\n\t\t\t\t<div class=\"elementor-element elementor-element-f55f5db pxl-heading-layout-1 elementor-widget elementor-widget-pxl_heading\" data-id=\"f55f5db\" data-element_type=\"widget\" data-e-type=\"widget\" data-widget_type=\"pxl_heading.default\">\n\t\t\t\t<div class=\"elementor-widget-container\">\n\t\t\t\t\t<div class=\"pxl-heading-wrap d-flex layout1\">\n    <div class=\"pxl-heading-inner\">\n        \n        <h2 class=\"heading-title\">\n            <span >\n                Siempre hacemos todo lo posible por su victoria y justicia.            <\/span>\n                    <\/h2>\n\n            <\/div>\n<\/div>\n\n\t\t\t\t<\/div>\n\t\t\t\t<\/div>\n\t\t\t\t<div class=\"elementor-element elementor-element-4c1fff9 elementor-widget elementor-widget-pxl_text_editor\" data-id=\"4c1fff9\" data-element_type=\"widget\" data-e-type=\"widget\" data-widget_type=\"pxl_text_editor.default\">\n\t\t\t\t<div class=\"elementor-widget-container\">\n\t\t\t\t\t<div id=\"pxl_text_editor-4c1fff9-1843\" class=\"pxl-text-editor-wrap d-flex\" >\n\t<div class=\"pxl-text-editor elementor-clearfix\">\n        <p>En Ace Law, creemos que cada cliente merece una voz fuerte y una representaci\u00f3n incansable. Desde el momento en que nos conf\u00eda su caso, dedicamos toda nuestra atenci\u00f3n, habilidad y experiencia a lograr el mejor resultado posible. Ya sea que se enfrente a una lesi\u00f3n personal, un cargo penal u otro desaf\u00edo legal, nuestra misi\u00f3n sigue siendo la misma: luchar por su victoria, proteger sus derechos y brindarle la justicia que se merece.<\/p>\t<\/div>\n<\/div>\t\t\t\t<\/div>\n\t\t\t\t<\/div>\n\t\t\t\t<div class=\"elementor-element elementor-element-2790f92 elementor-widget elementor-widget-spacer\" data-id=\"2790f92\" data-element_type=\"widget\" data-e-type=\"widget\" data-widget_type=\"spacer.default\">\n\t\t\t\t\t\t\t<div class=\"elementor-spacer\">\n\t\t\t<div class=\"elementor-spacer-inner\"><\/div>\n\t\t<\/div>\n\t\t\t\t\t\t<\/div>\n\t\t                    <\/div>\r\n        <\/div>\r\n                <div class=\"elementor-column elementor-col-33 elementor-top-column elementor-element elementor-element-0f05ef8 pxl-column-element-default\" data-id=\"0f05ef8\" data-element_type=\"column\" data-e-type=\"column\" data-settings=\"{&quot;background_background&quot;:&quot;classic&quot;}\">\r\n        <div class=\"elementor-widget-wrap elementor-element-populated\">\r\n                                <div class=\"elementor-background-overlay\"><\/div>\r\n        \t\t<div class=\"elementor-element elementor-element-a8b0e5f elementor-widget elementor-widget-spacer\" data-id=\"a8b0e5f\" data-element_type=\"widget\" data-e-type=\"widget\" data-widget_type=\"spacer.default\">\n\t\t\t\t\t\t\t<div class=\"elementor-spacer\">\n\t\t\t<div class=\"elementor-spacer-inner\"><\/div>\n\t\t<\/div>\n\t\t\t\t\t\t<\/div>\n\t\t\t\t<div class=\"elementor-element elementor-element-6341439 elementor-view-stacked elementor-shape-circle elementor-widget elementor-widget-icon\" data-id=\"6341439\" data-element_type=\"widget\" data-e-type=\"widget\" data-widget_type=\"icon.default\">\n\t\t\t\t\t\t\t<div class=\"elementor-icon-wrapper\">\n\t\t\t<div class=\"elementor-icon elementor-animation-bounce-in\">\n\t\t\t<svg xmlns=\"http:\/\/www.w3.org\/2000\/svg\" data-name=\"Layer 1\" viewbox=\"0 0 2000 2000\"><title>experiencia 111<\/title><path d=\"M1399,62.42c4.4,5,8.54,10.24,13.23,14.94q140.07,140.25,279.93,280.73c6.35,6.42,11.13,17.63,11.14,26.61q.81,674.52.47,1349.05V1751H676.4v191.34c-20.07,0-38.23.7-56.27-.44-5.09-.32-10.56-5.29-14.65-9.33-32.58-32.19-64.86-64.67-98.85-98.69-28.79,28.9-57.8,56-84.23,85.34-16.11,17.9-33.11,27.15-57.17,23.41-8.24-1.29-16.85-.21-27.42-.21v-20.94c0-130.92-.14-261.85.24-392.78,0-11.89-3.61-19.94-11.93-28.61-71.86-74.86-95.62-163.3-62.83-261.81,32.64-98.09,103.5-155.9,205.84-174,3-.54,6.05-1,9-1.65a64.89,64.89,0,0,0,6.54-2.41V62.42ZM675.64,1706.09h983.14V400H1365.22V107.43H529.59v953.51c15.23,3.2,30.36,5.53,45,9.6,191.53,53.29,253,290.71,111.87,431.25-4.77,4.74-10.28,11.73-10.35,17.73C675.35,1581.26,675.64,1643,675.64,1706.09ZM506.42,1105.25c-116.5.09-212.43,95.86-212.65,212.31-.23,117.42,95.89,213.7,213.24,213.59,116.55-.11,212.42-95.83,212.66-212.35C719.9,1201.3,623.9,1105.16,506.42,1105.25Zm2.81,665L630.37,1891.7V1544c-83.18,42-165.33,41.34-247.12.33v352.29ZM1410.82,354.76h209.7l-209.7-209.7Z\"><\/path><path d=\"M683.85,634V592.07H1504V634Z\"><\/path><path d=\"M684.53,709H1504v42.5H684.53Z\"><\/path><path d=\"M683.83,869v-41.9H1504V869Z\"><\/path><path d=\"M1505.06,945.17v41.21H684.23V945.17Z\"><\/path><path d=\"M1387.14,1062.13V1104H801.63v-41.85Z\"><\/path><path d=\"M1034.76,298.89v41.45H684V298.89Z\"><\/path><path d=\"M1153.78,1280.2v-41.81H1504v41.81Z\"><\/path><path d=\"M917.08,415.93v41.73H684.19V415.93Z\"><\/path><path d=\"M1504.62,1356.17v41.88H1271.94v-41.88Z\"><\/path><path d=\"M646.18,1318.36c-.06,77.05-63.35,139.78-140.55,139.32-76.14-.46-138.46-63.35-138.39-139.66.08-77,63.37-139.76,140.56-139.29C584,1179.18,646.25,1242,646.18,1318.36Zm-139.91-95.58c-52.6.2-95.36,43.56-95,96.3.39,51.8,43.07,94.32,94.91,94.53,52.67.23,95.88-42.76,95.9-95.4S559,1222.57,506.27,1222.78Z\"><\/path><polygon points=\"383 1943 338 1943 345 1931 368 1922 383 1943\"><\/polygon><\/svg>\t\t\t<\/div>\n\t\t<\/div>\n\t\t\t\t\t\t<\/div>\n\t\t\t\t<div class=\"elementor-element elementor-element-58392b9 pxl-counter-layout1 elementor-widget elementor-widget-pxl_counter\" data-id=\"58392b9\" data-element_type=\"widget\" data-e-type=\"widget\" data-widget_type=\"pxl_counter.default\">\n\t\t\t\t<div class=\"elementor-widget-container\">\n\t\t\t\t\t<div class=\"pxl-counter layout1\">\r\n    <div class=\"counter-inner\">\r\n        <div class=\"counter-content\">\r\n            <div class=\"counter-number\">\r\n                                <span class=\"pxl-counter-number-value\" data-startnumber=\"0\" data-endnumber=\"100\" data-delimiter=\"\"><\/span>\r\n                                    <span class=\"counter-number-suffix\">%<\/span>\r\n                            <\/div>\r\n                            <div class=\"counter-title\">Porcentaje de casos ganados<\/div>\r\n                    <\/div>\r\n         \r\n    <\/div>\r\n<\/div>\t\t\t\t<\/div>\n\t\t\t\t<\/div>\n\t\t\t\t<div class=\"elementor-element elementor-element-f01e12d elementor-widget elementor-widget-spacer\" data-id=\"f01e12d\" data-element_type=\"widget\" data-e-type=\"widget\" data-widget_type=\"spacer.default\">\n\t\t\t\t\t\t\t<div class=\"elementor-spacer\">\n\t\t\t<div class=\"elementor-spacer-inner\"><\/div>\n\t\t<\/div>\n\t\t\t\t\t\t<\/div>\n\t\t                    <\/div>\r\n        <\/div>\r\n                <div class=\"elementor-column elementor-col-33 elementor-top-column elementor-element elementor-element-1760d47 pxl-column-element-default\" data-id=\"1760d47\" data-element_type=\"column\" data-e-type=\"column\" data-settings=\"{&quot;background_background&quot;:&quot;classic&quot;}\">\r\n        <div class=\"elementor-widget-wrap elementor-element-populated\">\r\n                    \t\t<div class=\"elementor-element elementor-element-a104dd0 elementor-widget elementor-widget-spacer\" data-id=\"a104dd0\" data-element_type=\"widget\" data-e-type=\"widget\" data-widget_type=\"spacer.default\">\n\t\t\t\t\t\t\t<div class=\"elementor-spacer\">\n\t\t\t<div class=\"elementor-spacer-inner\"><\/div>\n\t\t<\/div>\n\t\t\t\t\t\t<\/div>\n\t\t                    <\/div>\r\n        <\/div>\r\n        \t\t\t<\/div>\n\t\t<\/section>\n\t\t        <section class=\"elementor-section elementor-top-section elementor-element elementor-element-5f78769 elementor-section-boxed elementor-section-height-default elementor-section-height-default pxl-shape-divider-none\" data-id=\"5f78769\" data-element_type=\"section\" data-e-type=\"section\">\n\n                \n                <div class=\"elementor-container elementor-column-gap-default\">\n                <div class=\"elementor-column elementor-col-100 elementor-top-column elementor-element elementor-element-a20a2f7 pxl-column-element-default\" data-id=\"a20a2f7\" data-element_type=\"column\" data-e-type=\"column\">\r\n        <div class=\"elementor-widget-wrap elementor-element-populated\">\r\n                    \t\t<div class=\"elementor-element elementor-element-dac8a63 elementor-widget-divider--view-line elementor-widget elementor-widget-divider\" data-id=\"dac8a63\" data-element_type=\"widget\" data-e-type=\"widget\" data-widget_type=\"divider.default\">\n\t\t\t\t\t\t\t<div class=\"elementor-divider\">\n\t\t\t<span class=\"elementor-divider-separator\">\n\t\t\t\t\t\t<\/span>\n\t\t<\/div>\n\t\t\t\t\t\t<\/div>\n\t\t                    <\/div>\r\n        <\/div>\r\n        \t\t\t<\/div>\n\t\t<\/section>\n\t\t        <section class=\"elementor-section elementor-top-section elementor-element elementor-element-6aa2a61 elementor-section-boxed elementor-section-height-default elementor-section-height-default pxl-shape-divider-none\" data-id=\"6aa2a61\" data-element_type=\"section\" data-e-type=\"section\">\n\n                \n                <div class=\"elementor-container elementor-column-gap-default\">\n                <div class=\"elementor-column elementor-col-100 elementor-top-column elementor-element elementor-element-f5fca74 pxl-column-element-default\" data-id=\"f5fca74\" data-element_type=\"column\" data-e-type=\"column\">\r\n        <div class=\"elementor-widget-wrap elementor-element-populated\">\r\n                    \t\t<div class=\"elementor-element elementor-element-067c619 elementor-widget elementor-widget-shortcode\" data-id=\"067c619\" data-element_type=\"widget\" data-e-type=\"widget\" data-widget_type=\"shortcode.default\">\n\t\t\t\t\t\t\t<div class=\"elementor-shortcode\"><input type=\"hidden\" id=\"_wpnonce\" name=\"_wpnonce\" value=\"e81b1dbf49\" \/><input type=\"hidden\" name=\"_wp_http_referer\" value=\"\/es\/wp-json\/wp\/v2\/pages\/2152\" \/>\t<div class=\"elex-wrap elex-yt-bg-transparent\">\r\n\t\t<div class=\"elex-pad-yt elex-yt-bg-transparent\">\r\n\t\t\t<div class=\"elex-create-dark-bg_create elex_edit_position eyeglpvl px-3 elex-create-dark-bg_create light-mode\" id=\"elex_border_sty\">\r\n\t\t\t\t<div id=\"header_and_subscribe_container\">\r\n\t\t\t\t\t<div class=\"\">\r\n\t\t\t\t\t\t<div class=\"d-flex gap-3 justify-content-between align-items-center mb-2\">\r\n\t\t\t\t\t\t\t<div class=\"elex_header_gallery_crt flex-fill\">\r\n\t\t\t\t\t\t\t\t<div class=\"elex-yt-gallery-title fw-bold\"><\/div>\r\n\t\t\t\t\t\t\t<\/div>\r\n\t\t\t\t\t\t\t<div class=\"elex_subscribe_button\">\r\n\t\t\t\t\t\t\t\t<a class=\"btn btn-sm btn-danger elex-yt-suscribe-btn\" href=\"https:\/\/www.youtube.com\/@kacevedocarlson?sub_confirmation=1\" target=\"_blank\" rel=\"noopener\">\r\n\t\t\t\t\t\t\t\t\t<div class=\"d-flex align-items-center gap-2\">\r\n\t\t\t\t\t\t\t\t\t\t<svg xmlns=\"http:\/\/www.w3.org\/2000\/svg\" width=\"20\" height=\"16\"\r\n\t\t\t\t\t\t\t\t\t\tviewbox=\"0 0 20 16\">\r\n\t\t\t\t\t\t\t\t\t\t<g id=\"Icon_feather-youtube\" data-name=\"Icon feather-youtube\"\r\n\t\t\t\t\t\t\t\t\ttransform=\"translate(-1.999 -4)\">\r\n\t\t\t\t\t\t\t\t\t<rect id=\"Rectangle_103\" data-name=\"Rectangle 103\" width=\"20\"\r\n\t\t\t\t\t\t\t\t\t\theight=\"16\" rx=\"3\" transform=\"translate(1.999 4)\" fill=\"#fff\" \/>\r\n\t\t\t\t\t\t\t\t\t\t<path id=\"Path_425\" data-name=\"Path 425\"\r\n\t\t\t\t\t\t\t\t\t\td=\"M9.75,15.02l5.75-3.27L9.75,8.48Z\"\r\n\t\t\t\t\t\t\t\t\t\ttransform=\"translate(0.249 0.52)\" fill=\"#e71618\" \/>\r\n\t\t\t\t\t\t\t\t\t<\/g>\r\n\t\t\t\t\t\t\t\t<\/svg>\r\n\t\t\t\t\t\t\t\tSUSCR\u00cdBETE\r\n\t\t\t\t\t\t\t<\/div>\r\n\t\t\t\t\t\t<\/a>\r\n\t\t\t\t\t<\/div>\r\n\t\t\t\t<\/div>\r\n\t\t\t<\/div>\r\n\t\t<\/div>\r\n\t\t<div class=\"header_and_subscribe_container\"><\/div>\r\n\t\t<div class=\"elex-galley-container\" id=\"elex-galley-container-5\">\r\n\t\t\t<!-- <div class=\"d-flex justify-content-between align-items-center mb-2\"><\/div> -->\r\n\t\t<\/div>\r\n\t\t<div  class=\"px-3 eygspagcp elex_yt_numerical_pagination\">\r\n\t\t\t<div class=\"elex_edit_pagination\">\r\n\t\t\t\t<div class=\"d-flex justify-content-center align-items-center gap-2\">\r\n\t\t\t\t\t<button type=\"button\"  id =\"elex_yt_first_page\" class=\"btn btn-outline-dark btn-sm elex_yt_first_page\"><i\r\n\t\t\t\t\tclass=\"fas fa-angle-double-left\"><\/i><\/button>\r\n\t\t\t\t\t<button type=\"button\" id =\"elex_yt_previous_page\" class=\"btn btn-outline-dark btn-sm elex_yt_previous_page\"><i\r\n\t\t\t\t\tclass=\"fas fa-angle-left\"><\/i><\/button>\r\n\t\t\t\t\t<div class=\"edit_icon_border\">\r\n\t\t\t\t\t\t<p class=\"pagination-info\">1 de 3<\/p>\r\n\t\t\t\t\t<\/div>\r\n\t\t\t\t\t<button type=\"button\" id =\"elex_yt_next_page\"  class=\"btn btn-outline-dark btn-sm elex_yt_next_page\"><i\r\n\t\t\t\t\tclass=\"fas fa-angle-right\"><\/i><\/button>\r\n\t\t\t\t\t<button type=\"button\" id =\"elex_yt_last_page\"  class=\"btn btn-outline-dark btn-sm elex_yt_last_page\"><i\r\n\t\t\t\t\tclass=\"fas fa-angle-double-right\"><\/i><\/button>\r\n\t\t\t\t<\/div>\r\n\t\t\t<\/div>\r\n\t\t<\/div>\r\n\t\t<div class=\"px-3  eygspagsp elex_simple_classic_pagination\">\r\n\t\t\t<div class=\"d-flex justify-content-center align-items-center gap-2\">\r\n\t\t\t\t<div class=\"d-flex\">\r\n\t\t\t\t\t<button type=\"button\" class=\"btn  btn-sm elex_yt_previous_page_edit\" id=\"elex_yt_previous_page_edit\"><i class=\"fa-solid fa-chevron-left\"><\/i>  <div style=\"display: inline-block;\">Anterior<\/div><\/button>\r\n\t\t\t\t\t<button type=\"button\" class=\"btn  btn-sm elex_yt_next_page_edit\" id=\"elex_yt_next_page_edit\"><div style=\"display: inline-block;\">Siguiente<\/div>  <i class=\"fa-solid fa-chevron-right\"><\/i><\/button>\r\n\t\t\t\t<\/div>\r\n\t\t\t<\/div>\r\n\t\t<\/div>\r\n\t\t<!-- <div id=\"elex_pag_sidearrow\" class=\"sidearrow\" >\r\n\t\t\t<div class=\"bg-transparent\" id=\"elex_edit_sidearrow\">\r\n\t\t\t\t<div class=\"navigation-btn elex_edit_sidearrow_previous prev\">\r\n\t\t\t\t\t<i class=\" fas fa-angle-left\"><\/i>\r\n\t\t\t\t<\/div>\r\n\t\t\t<\/div>\r\n\t\t\t<div class=\"bg-transparent\" id=\"elex_edit_sidearrow\">\r\n\t\t\t\t<div class=\"navigation-btn elex_edit_sidearrow next\">\r\n\t\t\t\t\t<i class=\"fa-solid fa-chevron-right\"><\/i>\r\n\t\t\t\t<\/div>\r\n\t\t\t<\/div>\r\n\t\t<\/div> -->\r\n\t\t<div id=\"elex-yt-player-popup5\" class=\"modal fade\" data-bs-backdrop=\"static\" data-bs-keyboard=\"false\" tabindex=\"-1\" aria-labelledby=\"staticBackdropLabel\" aria-hidden=\"true\">\r\n\t\t\t<div class=\"modal-dialog modal-xl modal-fullscreen-md-down\">\r\n\t\t\t\t<div class=\"modal-content p-0 bg-transparent shadow-none border-0\">\r\n\t\t\t\t\t<div class=\"modal-header border-0\">\r\n\t\t\t\t\t\t<button type=\"button\" class=\"btn-close elex_popup_close\" data-bs-dismiss=\"modal\" aria-label=\"Cerrar\"><\/button>\r\n\t\t\t\t\t<\/div>\r\n\t\t\t\t\t<div class=\"ratio ratio-16x9\">\r\n\t\t\t\t\t\t<div id=\"elex-yt-player5\"><\/div>\r\n\t\t\t\t\t<\/div>\r\n\t\t\t\t<\/div>\r\n\t\t\t<\/div>\r\n\t\t<\/div>\r\n\t<\/div>\r\n<\/div>\r\n<\/div>\r\n\r\n<script>\r\n\t(function() {\r\n\t\tconst elex_yt_gallery = {\"id\":\"5\",\"name\":\"Client Testimonials\",\"created_at\":\"2026-03-09 14:52:44\",\"type\":\"Client Testimonials\",\"settings\":{\"colormode\":\"LightMode\",\"header\":\"on\",\"column\":\"4\",\"row\":\"2\",\"pagination\":\"simple\",\"subscribe\":{\"enabled\":true,\"url\":\"https:\\\/\\\/www.youtube.com\\\/@kacevedocarlson?sub_confirmation=1\"},\"intro_video\":{\"enabled\":false,\"url\":\"\"},\"wrap_videos_in_container\":true,\"elex_yt_give_shadow_to_each_video\":false,\"elex_yt_shadow_color_value\":\"#525252\"},\"general\":{\"player_mode\":\"1\",\"button_opacity\":\"70\",\"bg_color\":\"#a9a9a9\",\"bg_opacity\":\"10\",\"bg_blur\":\"40\",\"show_video_title\":\"on\",\"button_color\":\"#e71618\",\"bg_play_button_opacity\":\"70\",\"bg_icon_color\":\"#FFFFFF\",\"bg_play_button_icon_opacity\":\"70\",\"bg_play_button_shape\":\"rectangle\",\"bg_play_button_animation\":\"default\",\"shortcode_active\":1}}\r\n\t\tjQuery(document).ready(function() {\r\n\t\t\tconst existing_containers = [];\r\n\t\t\tjQuery('.elex-galley-container').each(function(i, el){\r\n\t\t\t\tif(jQuery(el).attr('id')== 'elex-galley-container-' + elex_yt_gallery.id){\r\n\t\t\t\t\tif(existing_containers.indexOf(elex_yt_gallery.id) >= 0){\r\n\t\t\t\t\t\tjQuery(el).parents('.elex-wrap').remove();\r\n\t\t\t\t\t}\r\n\t\t\t\t\texisting_containers.push(elex_yt_gallery.id);\r\n\t\t\t\t}\r\n\t\t\t});\r\n\t\t\tif(existing_containers.length === 1) {\r\n\t\t\t\tconst container = jQuery('#elex-galley-container-5');\r\n\t\t\t\tconst previewer = new YTGalleryLivePreviewer(container, elex_yt_gallery, true);\r\n\t\t\t\tcontainer.data('previewer', previewer);\r\n\t\t\t\tpreviewer.load_videos();\r\n\t\t\t}\r\n\t\t});\r\n\t})();\r\n<\/script>\r\n\t\t<\/div>\n\t\t\t\t\t\t<\/div>\n\t\t                    <\/div>\r\n        <\/div>\r\n        \t\t\t<\/div>\n\t\t<\/section>\n\t\t\t\t<\/div>","protected":false},"excerpt":{"rendered":"<p>We Always Do Our Best For Your Victory And Justice At Ace Law, we believe that every client deserves a strong voice and relentless representation. From the moment you trust us with your case, we dedicate our full attention, skill, and experience to achieving the best possible outcome. Whether you are facing a personal injury, [&hellip;]<\/p>\n","protected":false},"author":1,"featured_media":0,"parent":0,"menu_order":0,"comment_status":"closed","ping_status":"closed","template":"","meta":{"footnotes":""},"class_list":["post-2152","page","type-page","status-publish","hentry"],"_links":{"self":[{"href":"https:\/\/acelawtx.com\/es\/wp-json\/wp\/v2\/pages\/2152","targetHints":{"allow":["GET"]}}],"collection":[{"href":"https:\/\/acelawtx.com\/es\/wp-json\/wp\/v2\/pages"}],"about":[{"href":"https:\/\/acelawtx.com\/es\/wp-json\/wp\/v2\/types\/page"}],"author":[{"embeddable":true,"href":"https:\/\/acelawtx.com\/es\/wp-json\/wp\/v2\/users\/1"}],"replies":[{"embeddable":true,"href":"https:\/\/acelawtx.com\/es\/wp-json\/wp\/v2\/comments?post=2152"}],"version-history":[{"count":30,"href":"https:\/\/acelawtx.com\/es\/wp-json\/wp\/v2\/pages\/2152\/revisions"}],"predecessor-version":[{"id":15612,"href":"https:\/\/acelawtx.com\/es\/wp-json\/wp\/v2\/pages\/2152\/revisions\/15612"}],"wp:attachment":[{"href":"https:\/\/acelawtx.com\/es\/wp-json\/wp\/v2\/media?parent=2152"}],"curies":[{"name":"wp","href":"https:\/\/api.w.org\/{rel}","templated":true}]}}