{"id":12341,"date":"2025-11-12T19:50:44","date_gmt":"2025-11-12T19:50:44","guid":{"rendered":"https:\/\/acelawtx.com\/?page_id=12341"},"modified":"2026-02-13T15:47:54","modified_gmt":"2026-02-13T15:47:54","slug":"isela-gomez","status":"publish","type":"page","link":"https:\/\/acelawtx.com\/es\/our-team\/isela-gomez\/","title":{"rendered":"Isela G\u00f3mez"},"content":{"rendered":"<div data-elementor-type=\"wp-page\" data-elementor-id=\"12341\" class=\"elementor elementor-12341\">\n\t\t\t\t        <section class=\"elementor-section elementor-top-section elementor-element elementor-element-aff431a elementor-section-boxed elementor-section-height-default elementor-section-height-default pxl-shape-divider-none\" data-id=\"aff431a\" data-element_type=\"section\" data-e-type=\"section\">\n\n                \n                <div class=\"elementor-container elementor-column-gap-default\">\n                <div class=\"elementor-column elementor-col-100 elementor-top-column elementor-element elementor-element-8113f01 pxl-column-element-default\" data-id=\"8113f01\" data-element_type=\"column\" data-e-type=\"column\">\r\n        <div class=\"elementor-widget-wrap elementor-element-populated\">\r\n                            <section class=\"elementor-section elementor-inner-section elementor-element elementor-element-da8ed65 elementor-section-boxed elementor-section-height-default elementor-section-height-default pxl-shape-divider-none\" data-id=\"da8ed65\" data-element_type=\"section\" data-e-type=\"section\" data-settings=\"{&quot;background_background&quot;:&quot;classic&quot;}\">\n\n                            <div class=\"elementor-background-overlay\"><\/div>\n            \n                <div class=\"elementor-container elementor-column-gap-default\">\n                <div class=\"elementor-column elementor-col-100 elementor-inner-column elementor-element elementor-element-838b205 pxl-column-element-default\" data-id=\"838b205\" data-element_type=\"column\" data-e-type=\"column\">\r\n        <div class=\"elementor-widget-wrap elementor-element-populated\">\r\n                    \t\t<div class=\"elementor-element elementor-element-b5aa5f5 pxl-heading-layout-1 elementor-widget elementor-widget-pxl_heading\" data-id=\"b5aa5f5\" data-element_type=\"widget\" data-e-type=\"widget\" data-widget_type=\"pxl_heading.default\">\n\t\t\t\t<div class=\"elementor-widget-container\">\n\t\t\t\t\t<div class=\"pxl-heading-wrap d-flex layout1\">\n    <div class=\"pxl-heading-inner center\">\n        \n        <h4 class=\"heading-title\">\n            <span >\n                Isela Gomez comenz\u00f3 su carrera en el campo legal en 2023, inici\u00e1ndose como asistente administrativa donde<br \/>\ndesarroll\u00f3 r\u00e1pidamente una base s\u00f3lida en gesti\u00f3n de casos y comunicaci\u00f3n con el cliente. Su dedicaci\u00f3n a<br \/>\nsu aprendizaje, atenci\u00f3n al detalle y capacidad de adaptaci\u00f3n a un entorno de ritmo r\u00e1pido la llevaron a avanzar a su<br \/>\nactual rol como paralegal en Ace Law.            <\/span>\n                    <\/h4>\n\n            <\/div>\n<\/div>\n\n\t\t\t\t<\/div>\n\t\t\t\t<\/div>\n\t\t                    <\/div>\r\n        <\/div>\r\n        \t\t\t<\/div>\n\t\t<\/section>\n\t\t                    <\/div>\r\n        <\/div>\r\n        \t\t\t<\/div>\n\t\t<\/section>\n\t\t        <section class=\"elementor-section elementor-top-section elementor-element elementor-element-5ba77ca elementor-section-boxed elementor-section-height-default elementor-section-height-default pxl-shape-divider-none\" data-id=\"5ba77ca\" data-element_type=\"section\" data-e-type=\"section\">\n\n                \n                <div class=\"elementor-container elementor-column-gap-default\">\n                <div class=\"elementor-column elementor-col-50 elementor-top-column elementor-element elementor-element-b39999f pxl-column-element-default\" data-id=\"b39999f\" data-element_type=\"column\" data-e-type=\"column\">\r\n        <div class=\"elementor-widget-wrap elementor-element-populated\">\r\n                    \t\t<div class=\"elementor-element elementor-element-1782c3b flash-hover elementor-widget elementor-widget-image\" data-id=\"1782c3b\" data-element_type=\"widget\" data-e-type=\"widget\" data-widget_type=\"image.default\">\n\t\t\t\t\t\t\t\t\t\t\t\t\t\t\t<img decoding=\"async\" width=\"817\" height=\"1024\" src=\"https:\/\/acelawtx.com\/wp-content\/uploads\/2025\/11\/CristalT.Photography-6-1-scaled-e1763592397532-817x1024.jpg\" class=\"attachment-large size-large wp-image-13247\" alt=\"\" srcset=\"https:\/\/acelawtx.com\/wp-content\/uploads\/2025\/11\/CristalT.Photography-6-1-scaled-e1763592397532-817x1024.jpg 817w, https:\/\/acelawtx.com\/wp-content\/uploads\/2025\/11\/CristalT.Photography-6-1-scaled-e1763592397532-239x300.jpg 239w, https:\/\/acelawtx.com\/wp-content\/uploads\/2025\/11\/CristalT.Photography-6-1-scaled-e1763592397532-768x963.jpg 768w, https:\/\/acelawtx.com\/wp-content\/uploads\/2025\/11\/CristalT.Photography-6-1-scaled-e1763592397532-1225x1536.jpg 1225w, https:\/\/acelawtx.com\/wp-content\/uploads\/2025\/11\/CristalT.Photography-6-1-scaled-e1763592397532-1633x2048.jpg 1633w, https:\/\/acelawtx.com\/wp-content\/uploads\/2025\/11\/CristalT.Photography-6-1-scaled-e1763592397532-10x12.jpg 10w, https:\/\/acelawtx.com\/wp-content\/uploads\/2025\/11\/CristalT.Photography-6-1-scaled-e1763592397532-447x560.jpg 447w, https:\/\/acelawtx.com\/wp-content\/uploads\/2025\/11\/CristalT.Photography-6-1-scaled-e1763592397532.jpg 1728w\" sizes=\"(max-width: 817px) 100vw, 817px\">\t\t\t\t\t\t\t\t\t\t\t\t\t\t\t<\/div>\n\t\t                    <\/div>\r\n        <\/div>\r\n                <div class=\"elementor-column elementor-col-50 elementor-top-column elementor-element elementor-element-a712289 pxl-column-element-default\" data-id=\"a712289\" data-element_type=\"column\" data-e-type=\"column\" data-settings=\"{&quot;background_background&quot;:&quot;classic&quot;}\">\r\n        <div class=\"elementor-widget-wrap elementor-element-populated\">\r\n                    \t\t<div class=\"elementor-element elementor-element-751cb8c pxl-heading-layout-1 elementor-widget elementor-widget-pxl_heading\" data-id=\"751cb8c\" data-element_type=\"widget\" data-e-type=\"widget\" data-widget_type=\"pxl_heading.default\">\n\t\t\t\t<div class=\"elementor-widget-container\">\n\t\t\t\t\t<div class=\"pxl-heading-wrap d-flex layout1\">\n    <div class=\"pxl-heading-inner\">\n        \n        <h4 class=\"heading-title\">\n            <span >\n                Biograf\u00eda<br \/>\n            <\/span>\n                    <\/h4>\n\n            <\/div>\n<\/div>\n\n\t\t\t\t<\/div>\n\t\t\t\t<\/div>\n\t\t\t\t<div class=\"elementor-element elementor-element-b390da8 elementor-widget elementor-widget-pxl_text_editor\" data-id=\"b390da8\" data-element_type=\"widget\" data-e-type=\"widget\" data-widget_type=\"pxl_text_editor.default\">\n\t\t\t\t<div class=\"elementor-widget-container\">\n\t\t\t\t\t<div id=\"pxl_text_editor-b390da8-6793\" class=\"pxl-text-editor-wrap d-flex\" >\n\t<div class=\"pxl-text-editor elementor-clearfix\">\n        <p style=\"text-align: left;\">Isela se enorgullece de apoyar tanto a clientes como a abogados, contribuyendo a la misi\u00f3n del bufete de brindar servicios legales excepcionales y orientaci\u00f3n compasiva.<br \/>En su doble funci\u00f3n como Asistente Legal y Especialista de Admisiones en Ace Law, Isela combina su experiencia legal con habilidades interpersonales excepcionales, asegurando que cada cliente potencial y existente reciba un apoyo reflexivo, profesional y compasivo. Tiene experiencia en la preparaci\u00f3n y presentaci\u00f3n de documentos legales, la coordinaci\u00f3n con los clientes y la asistencia a los abogados en todas las etapas de un caso.\u00a0<\/p><p style=\"text-align: left;\">Isela se enorgullece de su trabajo y encuentra satisfacci\u00f3n en ayudar a los clientes a navegar sus asuntos legales con confianza y comprensi\u00f3n. Su compromiso con el crecimiento y la excelencia contin\u00faa impulsando su \u00e9xito en el campo legal, donde espera seguir construyendo su carrera y continuar contribuyendo al \u00e9xito de Ace Law. Actualmente, Isela est\u00e1 completando su t\u00edtulo de asociada en estudios de asistente legal para seguir avanzando en su conocimiento y experiencia.\u00a0<br \/>Fuera del trabajo, disfruta pasar tiempo con su familia y su perro.<\/p>\t<\/div>\n<\/div>\t\t\t\t<\/div>\n\t\t\t\t<\/div>\n\t\t                    <\/div>\r\n        <\/div>\r\n        \t\t\t<\/div>\n\t\t<\/section>\n\t\t        <section class=\"elementor-section elementor-top-section elementor-element elementor-element-8d66fc8 elementor-reverse-tablet elementor-reverse-mobile_extra elementor-reverse-mobile elementor-section-boxed elementor-section-height-default elementor-section-height-default pxl-shape-divider-none\" data-id=\"8d66fc8\" data-element_type=\"section\" data-e-type=\"section\">\n\n                \n                <div class=\"elementor-container elementor-column-gap-default\">\n                <div class=\"elementor-column elementor-col-50 elementor-top-column elementor-element elementor-element-7655d20 pxl-column-element-default\" data-id=\"7655d20\" data-element_type=\"column\" data-e-type=\"column\">\r\n        <div class=\"elementor-widget-wrap elementor-element-populated\">\r\n                            <section class=\"elementor-section elementor-inner-section elementor-element elementor-element-d12f612 elementor-section-boxed elementor-section-height-default elementor-section-height-default pxl-shape-divider-none\" data-id=\"d12f612\" data-element_type=\"section\" data-e-type=\"section\">\n\n                \n                <div class=\"elementor-container elementor-column-gap-no\">\n                <div class=\"elementor-column elementor-col-100 elementor-inner-column elementor-element elementor-element-d5accbb pxl-column-element-default\" data-id=\"d5accbb\" data-element_type=\"column\" data-e-type=\"column\">\r\n        <div class=\"elementor-widget-wrap elementor-element-populated\">\r\n                    \t\t<div class=\"elementor-element elementor-element-c276456 elementor-widget elementor-widget-pxl_sidebar_tabs\" data-id=\"c276456\" data-element_type=\"widget\" data-e-type=\"widget\" data-widget_type=\"pxl_sidebar_tabs.default\">\n\t\t\t\t<div class=\"elementor-widget-container\">\n\t\t\t\t\t    <div class=\"pxl-sidebar-tabs\">\r\n                    <div class=\"anchor-link-item\" data-target=\"#anchor-inner-overview\">\r\n                <span>Participaci\u00f3n en la comunidad<\/span>\r\n                <i class=\"zmdi zmdi-long-arrow-right\"><\/i>\r\n            <\/div>\r\n                    <div class=\"anchor-link-item\" data-target=\"#anchor-inner-area\">\r\n                <span>Asociaciones profesionales y membres\u00edas<\/span>\r\n                <i class=\"zmdi zmdi-long-arrow-right\"><\/i>\r\n            <\/div>\r\n                    <div class=\"anchor-link-item\" data-target=\"#anchor-inner-case\">\r\n                <span>Idiomas<\/span>\r\n                <i class=\"zmdi zmdi-long-arrow-right\"><\/i>\r\n            <\/div>\r\n            <\/div>\r\n    \t\t\t\t<\/div>\n\t\t\t\t<\/div>\n\t\t                    <\/div>\r\n        <\/div>\r\n        \t\t\t<\/div>\n\t\t<\/section>\n\t\t        <section class=\"elementor-section elementor-inner-section elementor-element elementor-element-1ba8167 elementor-section-boxed elementor-section-height-default elementor-section-height-default pxl-shape-divider-none\" data-id=\"1ba8167\" data-element_type=\"section\" data-e-type=\"section\" data-settings=\"{&quot;background_background&quot;:&quot;classic&quot;}\">\n\n                            <div class=\"elementor-background-overlay\"><\/div>\n            \n                <div class=\"elementor-container elementor-column-gap-no\">\n                <div class=\"elementor-column elementor-col-100 elementor-inner-column elementor-element elementor-element-afdfe6e pxl-column-element-default\" data-id=\"afdfe6e\" data-element_type=\"column\" data-e-type=\"column\">\r\n        <div class=\"elementor-widget-wrap elementor-element-populated\">\r\n                    \t\t<div class=\"elementor-element elementor-element-453ac3a widget-title pxl-heading-layout-1 elementor-widget elementor-widget-pxl_heading\" data-id=\"453ac3a\" data-element_type=\"widget\" data-e-type=\"widget\" data-widget_type=\"pxl_heading.default\">\n\t\t\t\t<div class=\"elementor-widget-container\">\n\t\t\t\t\t<div class=\"pxl-heading-wrap d-flex layout1\">\n    <div class=\"pxl-heading-inner\">\n        \n        <h2 class=\"heading-title\">\n            <span >\n                Vamos a ganar <span class=\"color-primary\">juntos<\/span>            <\/span>\n                    <\/h2>\n\n            <\/div>\n<\/div>\n\n\t\t\t\t<\/div>\n\t\t\t\t<\/div>\n\t\t\t\t<div class=\"elementor-element elementor-element-c8627e4 elementor-widget elementor-widget-text-editor\" data-id=\"c8627e4\" data-element_type=\"widget\" data-e-type=\"widget\" data-widget_type=\"text-editor.default\">\n\t\t\t\t\t\t\t\t\t<p>Por favor, si\u00e9ntase libre de contactarnos. Nos pondremos en contacto con usted en 1 d\u00eda h\u00e1bil. O ll\u00e1menos ahora mismo.<\/p>\t\t\t\t\t\t\t\t<\/div>\n\t\t\t\t<div class=\"elementor-element elementor-element-3d40a56 elementor-widget-divider--view-line elementor-widget elementor-widget-divider\" data-id=\"3d40a56\" data-element_type=\"widget\" data-e-type=\"widget\" data-widget_type=\"divider.default\">\n\t\t\t\t\t\t\t<div class=\"elementor-divider\">\n\t\t\t<span class=\"elementor-divider-separator\">\n\t\t\t\t\t\t<\/span>\n\t\t<\/div>\n\t\t\t\t\t\t<\/div>\n\t\t\t\t<div class=\"elementor-element elementor-element-23faeba elementor-position-inline-start mobile-inline elementor-view-default elementor-mobile-position-block-start elementor-widget elementor-widget-icon-box\" data-id=\"23faeba\" data-element_type=\"widget\" data-e-type=\"widget\" data-widget_type=\"icon-box.default\">\n\t\t\t\t\t\t\t<div class=\"elementor-icon-box-wrapper\">\n\n\t\t\t\t\t\t<div class=\"elementor-icon-box-icon\">\n\t\t\t\t<a href=\"tel:713-344-1833\" target=\"_blank\" rel=\"nofollow\" class=\"elementor-icon elementor-animation-pulse\" tabindex=\"-1\" aria-label=\"713-344-1833\">\n\t\t\t\t<i aria-hidden=\"true\" class=\"zmdi zmdi-phone\"><\/i>\t\t\t\t<\/a>\n\t\t\t<\/div>\n\t\t\t\n\t\t\t\t\t\t<div class=\"elementor-icon-box-content\">\n\n\t\t\t\t\t\t\t\t\t<h3 class=\"elementor-icon-box-title\">\n\t\t\t\t\t\t<a href=\"tel:713-344-1833\" target=\"_blank\" rel=\"nofollow\" >\n\t\t\t\t\t\t\t713-344-1833\t\t\t\t\t\t<\/a>\n\t\t\t\t\t<\/h3>\n\t\t\t\t\n\t\t\t\t\n\t\t\t<\/div>\n\t\t\t\n\t\t<\/div>\n\t\t\t\t\t\t<\/div>\n\t\t\t\t<div class=\"elementor-element elementor-element-64366ef elementor-position-inline-start mobile-inline elementor-view-default elementor-mobile-position-block-start elementor-widget elementor-widget-icon-box\" data-id=\"64366ef\" data-element_type=\"widget\" data-e-type=\"widget\" data-widget_type=\"icon-box.default\">\n\t\t\t\t\t\t\t<div class=\"elementor-icon-box-wrapper\">\n\n\t\t\t\t\t\t<div class=\"elementor-icon-box-icon\">\n\t\t\t\t<a href=\"mailto:contact@example.com\" class=\"elementor-icon elementor-animation-pulse\" tabindex=\"-1\" aria-label=\"office@acelawtx.com\">\n\t\t\t\t<i aria-hidden=\"true\" class=\"medcaline zmdi zmdi-email\"><\/i>\t\t\t\t<\/a>\n\t\t\t<\/div>\n\t\t\t\n\t\t\t\t\t\t<div class=\"elementor-icon-box-content\">\n\n\t\t\t\t\t\t\t\t\t<h3 class=\"elementor-icon-box-title\">\n\t\t\t\t\t\t<a href=\"mailto:contact@example.com\" >\n\t\t\t\t\t\t\toffice@acelawtx.com\t\t\t\t\t\t<\/a>\n\t\t\t\t\t<\/h3>\n\t\t\t\t\n\t\t\t\t\n\t\t\t<\/div>\n\t\t\t\n\t\t<\/div>\n\t\t\t\t\t\t<\/div>\n\t\t                    <\/div>\r\n        <\/div>\r\n        \t\t\t<\/div>\n\t\t<\/section>\n\t\t\t\t<div class=\"elementor-element elementor-element-f69b0a5 elementor-widget elementor-widget-pxl_button\" data-id=\"f69b0a5\" data-element_type=\"widget\" data-e-type=\"widget\" data-widget_type=\"pxl_button.default\">\n\t\t\t\t<div class=\"elementor-widget-container\">\n\t\t\t\t\t<div id=\"pxl_button-f69b0a5-9177\" class=\"pxl-button-wrapper d-flex pxl-button-layout1\">\r\n    <a href=\"https:\/\/acelawtx.com\/es\/contact\/\" class=\"btn btn-fullwidth icon-ps-right\">\r\n                <span class=\"pxl-button-text\">\u00a1cont\u00e1ctanos hoy!<\/span>\r\n            <\/a>\r\n<\/div>\t\t\t\t<\/div>\n\t\t\t\t<\/div>\n\t\t                    <\/div>\r\n        <\/div>\r\n                <div class=\"elementor-column elementor-col-50 elementor-top-column elementor-element elementor-element-e3f1f95 pxl-column-element-default\" data-id=\"e3f1f95\" data-element_type=\"column\" data-e-type=\"column\">\r\n        <div class=\"elementor-widget-wrap elementor-element-populated\">\r\n                            <section class=\"elementor-section elementor-inner-section elementor-element elementor-element-d8009d3 anchor-inner-item elementor-section-boxed elementor-section-height-default elementor-section-height-default pxl-shape-divider-none\" data-id=\"d8009d3\" data-element_type=\"section\" data-e-type=\"section\" id=\"anchor-inner-overview\">\n\n                \n                <div class=\"elementor-container elementor-column-gap-no\">\n                <div class=\"elementor-column elementor-col-100 elementor-inner-column elementor-element elementor-element-a71253b pxl-column-element-default\" data-id=\"a71253b\" data-element_type=\"column\" data-e-type=\"column\">\r\n        <div class=\"elementor-widget-wrap elementor-element-populated\">\r\n                    \t\t<div class=\"elementor-element elementor-element-3ff4fae pxl-heading-layout-1 elementor-widget elementor-widget-pxl_heading\" data-id=\"3ff4fae\" data-element_type=\"widget\" data-e-type=\"widget\" data-widget_type=\"pxl_heading.default\">\n\t\t\t\t<div class=\"elementor-widget-container\">\n\t\t\t\t\t<div class=\"pxl-heading-wrap d-flex layout1\">\n    <div class=\"pxl-heading-inner\">\n        \n        <h3 class=\"heading-title\">\n            <span >\n                Participaci\u00f3n en la comunidad            <\/span>\n                    <\/h3>\n\n            <\/div>\n<\/div>\n\n\t\t\t\t<\/div>\n\t\t\t\t<\/div>\n\t\t\t\t<div class=\"elementor-element elementor-element-3c13535 elementor-widget elementor-widget-pxl_text_editor\" data-id=\"3c13535\" data-element_type=\"widget\" data-e-type=\"widget\" data-widget_type=\"pxl_text_editor.default\">\n\t\t\t\t<div class=\"elementor-widget-container\">\n\t\t\t\t\t<div id=\"pxl_text_editor-3c13535-4831\" class=\"pxl-text-editor-wrap d-flex\" >\n\t<div class=\"pxl-text-editor elementor-clearfix\">\n        <p>A Isela le gusta retribuir y participar en programas de servicio y voluntariado, que incluyen:<br \/>\u2013 Empacado de cajas para centros comunitarios de personas mayores en el Houston Food Bank<br \/>\u2013 Apoyo a entregas de mochilas y \u00fatiles escolares<br \/>\u2013 Participar en colectas de sangre comunitarias<\/p>\t<\/div>\n<\/div>\t\t\t\t<\/div>\n\t\t\t\t<\/div>\n\t\t\t\t<div class=\"elementor-element elementor-element-e630f60 elementor-widget-divider--view-line elementor-widget elementor-widget-divider\" data-id=\"e630f60\" data-element_type=\"widget\" data-e-type=\"widget\" data-widget_type=\"divider.default\">\n\t\t\t\t\t\t\t<div class=\"elementor-divider\">\n\t\t\t<span class=\"elementor-divider-separator\">\n\t\t\t\t\t\t<\/span>\n\t\t<\/div>\n\t\t\t\t\t\t<\/div>\n\t\t                    <\/div>\r\n        <\/div>\r\n        \t\t\t<\/div>\n\t\t<\/section>\n\t\t        <section class=\"elementor-section elementor-inner-section elementor-element elementor-element-bcaf374 anchor-inner-item elementor-section-boxed elementor-section-height-default elementor-section-height-default pxl-shape-divider-none\" data-id=\"bcaf374\" data-element_type=\"section\" data-e-type=\"section\" id=\"anchor-inner-area\">\n\n                \n                <div class=\"elementor-container elementor-column-gap-no\">\n                <div class=\"elementor-column elementor-col-100 elementor-inner-column elementor-element elementor-element-4183e1f pxl-column-element-default\" data-id=\"4183e1f\" data-element_type=\"column\" data-e-type=\"column\">\r\n        <div class=\"elementor-widget-wrap elementor-element-populated\">\r\n                    \t\t<div class=\"elementor-element elementor-element-8f90546 pxl-heading-layout-1 elementor-widget elementor-widget-pxl_heading\" data-id=\"8f90546\" data-element_type=\"widget\" data-e-type=\"widget\" data-widget_type=\"pxl_heading.default\">\n\t\t\t\t<div class=\"elementor-widget-container\">\n\t\t\t\t\t<div class=\"pxl-heading-wrap d-flex layout1\">\n    <div class=\"pxl-heading-inner\">\n        \n        <h3 class=\"heading-title\">\n            <span >\n                Asociaciones profesionales y membres\u00edas            <\/span>\n                    <\/h3>\n\n            <\/div>\n<\/div>\n\n\t\t\t\t<\/div>\n\t\t\t\t<\/div>\n\t\t\t\t<div class=\"elementor-element elementor-element-444a335 elementor-widget elementor-widget-pxl_text_editor\" data-id=\"444a335\" data-element_type=\"widget\" data-e-type=\"widget\" data-widget_type=\"pxl_text_editor.default\">\n\t\t\t\t<div class=\"elementor-widget-container\">\n\t\t\t\t\t<div id=\"pxl_text_editor-444a335-2479\" class=\"pxl-text-editor-wrap d-flex\" >\n\t<div class=\"pxl-text-editor elementor-clearfix\">\n        <p>Asociaci\u00f3n de Asistentes Legales de Houston<\/p>\t<\/div>\n<\/div>\t\t\t\t<\/div>\n\t\t\t\t<\/div>\n\t\t                    <\/div>\r\n        <\/div>\r\n        \t\t\t<\/div>\n\t\t<\/section>\n\t\t        <section class=\"elementor-section elementor-inner-section elementor-element elementor-element-1019c17 anchor-inner-item elementor-section-boxed elementor-section-height-default elementor-section-height-default pxl-shape-divider-none\" data-id=\"1019c17\" data-element_type=\"section\" data-e-type=\"section\" id=\"anchor-inner-case\">\n\n                \n                <div class=\"elementor-container elementor-column-gap-no\">\n                <div class=\"elementor-column elementor-col-100 elementor-inner-column elementor-element elementor-element-ea8fa61 pxl-column-element-default\" data-id=\"ea8fa61\" data-element_type=\"column\" data-e-type=\"column\">\r\n        <div class=\"elementor-widget-wrap elementor-element-populated\">\r\n                    \t\t<div class=\"elementor-element elementor-element-e657623 pxl-heading-layout-1 elementor-widget elementor-widget-pxl_heading\" data-id=\"e657623\" data-element_type=\"widget\" data-e-type=\"widget\" data-widget_type=\"pxl_heading.default\">\n\t\t\t\t<div class=\"elementor-widget-container\">\n\t\t\t\t\t<div class=\"pxl-heading-wrap d-flex layout1\">\n    <div class=\"pxl-heading-inner\">\n        \n        <h3 class=\"heading-title\">\n            <span >\n                Idiomas            <\/span>\n                    <\/h3>\n\n            <\/div>\n<\/div>\n\n\t\t\t\t<\/div>\n\t\t\t\t<\/div>\n\t\t\t\t<div class=\"elementor-element elementor-element-3a5c3a6 elementor-widget elementor-widget-pxl_text_editor\" data-id=\"3a5c3a6\" data-element_type=\"widget\" data-e-type=\"widget\" data-widget_type=\"pxl_text_editor.default\">\n\t\t\t\t<div class=\"elementor-widget-container\">\n\t\t\t\t\t<div id=\"pxl_text_editor-3a5c3a6-9249\" class=\"pxl-text-editor-wrap d-flex\" >\n\t<div class=\"pxl-text-editor elementor-clearfix\">\n        <ul><li>Ingl\u00e9s<\/li><li>Espa\u00f1ol<\/li><\/ul>\t<\/div>\n<\/div>\t\t\t\t<\/div>\n\t\t\t\t<\/div>\n\t\t                    <\/div>\r\n        <\/div>\r\n        \t\t\t<\/div>\n\t\t<\/section>\n\t\t                    <\/div>\r\n        <\/div>\r\n        \t\t\t<\/div>\n\t\t<\/section>\n\t\t\t\t<\/div>","protected":false},"excerpt":{"rendered":"<p>Isela Gomez began her career in the legal field in 2023, starting as an administrative assistant where she quickly developed a strong foundation in case management and client communication. Her dedication to learning, attention to detail, and ability to adapt in a fast-paced environment led her to advance into her current role as a paralegal [&hellip;]<\/p>\n","protected":false},"author":1,"featured_media":0,"parent":3893,"menu_order":0,"comment_status":"closed","ping_status":"closed","template":"","meta":{"footnotes":""},"class_list":["post-12341","page","type-page","status-publish","hentry"],"_links":{"self":[{"href":"https:\/\/acelawtx.com\/es\/wp-json\/wp\/v2\/pages\/12341","targetHints":{"allow":["GET"]}}],"collection":[{"href":"https:\/\/acelawtx.com\/es\/wp-json\/wp\/v2\/pages"}],"about":[{"href":"https:\/\/acelawtx.com\/es\/wp-json\/wp\/v2\/types\/page"}],"author":[{"embeddable":true,"href":"https:\/\/acelawtx.com\/es\/wp-json\/wp\/v2\/users\/1"}],"replies":[{"embeddable":true,"href":"https:\/\/acelawtx.com\/es\/wp-json\/wp\/v2\/comments?post=12341"}],"version-history":[{"count":6,"href":"https:\/\/acelawtx.com\/es\/wp-json\/wp\/v2\/pages\/12341\/revisions"}],"predecessor-version":[{"id":13259,"href":"https:\/\/acelawtx.com\/es\/wp-json\/wp\/v2\/pages\/12341\/revisions\/13259"}],"up":[{"embeddable":true,"href":"https:\/\/acelawtx.com\/es\/wp-json\/wp\/v2\/pages\/3893"}],"wp:attachment":[{"href":"https:\/\/acelawtx.com\/es\/wp-json\/wp\/v2\/media?parent=12341"}],"curies":[{"name":"wp","href":"https:\/\/api.w.org\/{rel}","templated":true}]}}