{"id":12319,"date":"2025-11-12T19:27:30","date_gmt":"2025-11-12T19:27:30","guid":{"rendered":"https:\/\/acelawtx.com\/?page_id=12319"},"modified":"2025-11-19T19:08:52","modified_gmt":"2025-11-19T19:08:52","slug":"kaylee-bentancourt","status":"publish","type":"page","link":"https:\/\/acelawtx.com\/es\/our-team\/kaylee-bentancourt\/","title":{"rendered":"Kaylee Bentancourt"},"content":{"rendered":"<div data-elementor-type=\"wp-page\" data-elementor-id=\"12319\" class=\"elementor elementor-12319\">\n\t\t\t\t        <section class=\"elementor-section elementor-top-section elementor-element elementor-element-aff431a elementor-section-boxed elementor-section-height-default elementor-section-height-default pxl-shape-divider-none\" data-id=\"aff431a\" data-element_type=\"section\" data-e-type=\"section\">\n\n                \n                <div class=\"elementor-container elementor-column-gap-default\">\n                <div class=\"elementor-column elementor-col-100 elementor-top-column elementor-element elementor-element-8113f01 pxl-column-element-default\" data-id=\"8113f01\" data-element_type=\"column\" data-e-type=\"column\">\r\n        <div class=\"elementor-widget-wrap elementor-element-populated\">\r\n                            <section class=\"elementor-section elementor-inner-section elementor-element elementor-element-da8ed65 elementor-section-boxed elementor-section-height-default elementor-section-height-default pxl-shape-divider-none\" data-id=\"da8ed65\" data-element_type=\"section\" data-e-type=\"section\" data-settings=\"{&quot;background_background&quot;:&quot;classic&quot;}\">\n\n                            <div class=\"elementor-background-overlay\"><\/div>\n            \n                <div class=\"elementor-container elementor-column-gap-default\">\n                <div class=\"elementor-column elementor-col-100 elementor-inner-column elementor-element elementor-element-838b205 pxl-column-element-default\" data-id=\"838b205\" data-element_type=\"column\" data-e-type=\"column\">\r\n        <div class=\"elementor-widget-wrap elementor-element-populated\">\r\n                    \t\t<div class=\"elementor-element elementor-element-b5aa5f5 pxl-heading-layout-1 elementor-widget elementor-widget-pxl_heading\" data-id=\"b5aa5f5\" data-element_type=\"widget\" data-e-type=\"widget\" data-widget_type=\"pxl_heading.default\">\n\t\t\t\t<div class=\"elementor-widget-container\">\n\t\t\t\t\t<div class=\"pxl-heading-wrap d-flex layout1\">\n    <div class=\"pxl-heading-inner center\">\n        \n        <h4 class=\"heading-title\">\n            <span >\n                Como asistente legal en Ace Law, Kaylee Bentancourt apoya asuntos tanto de litigios comerciales como civiles. Ella<br \/>\ncomenz\u00f3 su carrera trabajando con due\u00f1os de negocios, adquiriendo valiosa experiencia en la preparaci\u00f3n y archivo de grav\u00e1menes,<br \/>\nredactar cartas de demanda, organizar y gestionar expedientes de litigios, y asistir a los abogados con el descubrimiento,<br \/>\nescritos, y preparaci\u00f3n para el juicio.            <\/span>\n                    <\/h4>\n\n            <\/div>\n<\/div>\n\n\t\t\t\t<\/div>\n\t\t\t\t<\/div>\n\t\t                    <\/div>\r\n        <\/div>\r\n        \t\t\t<\/div>\n\t\t<\/section>\n\t\t                    <\/div>\r\n        <\/div>\r\n        \t\t\t<\/div>\n\t\t<\/section>\n\t\t        <section class=\"elementor-section elementor-top-section elementor-element elementor-element-5ba77ca elementor-section-boxed elementor-section-height-default elementor-section-height-default pxl-shape-divider-none\" data-id=\"5ba77ca\" data-element_type=\"section\" data-e-type=\"section\">\n\n                \n                <div class=\"elementor-container elementor-column-gap-default\">\n                <div class=\"elementor-column elementor-col-50 elementor-top-column elementor-element elementor-element-b39999f pxl-column-element-default\" data-id=\"b39999f\" data-element_type=\"column\" data-e-type=\"column\">\r\n        <div class=\"elementor-widget-wrap elementor-element-populated\">\r\n                    \t\t<div class=\"elementor-element elementor-element-1782c3b flash-hover elementor-widget elementor-widget-image\" data-id=\"1782c3b\" data-element_type=\"widget\" data-e-type=\"widget\" data-widget_type=\"image.default\">\n\t\t\t\t\t\t\t\t\t\t\t\t\t\t\t<img decoding=\"async\" width=\"720\" height=\"1024\" src=\"https:\/\/acelawtx.com\/wp-content\/uploads\/2025\/11\/CristalT.Photography-5-1-scaled-e1763592603498-720x1024.jpg\" class=\"attachment-large size-large wp-image-13239\" alt=\"Kaylee Bentancourt\" srcset=\"https:\/\/acelawtx.com\/wp-content\/uploads\/2025\/11\/CristalT.Photography-5-1-scaled-e1763592603498-720x1024.jpg 720w, https:\/\/acelawtx.com\/wp-content\/uploads\/2025\/11\/CristalT.Photography-5-1-scaled-e1763592603498-211x300.jpg 211w, https:\/\/acelawtx.com\/wp-content\/uploads\/2025\/11\/CristalT.Photography-5-1-scaled-e1763592603498-768x1092.jpg 768w, https:\/\/acelawtx.com\/wp-content\/uploads\/2025\/11\/CristalT.Photography-5-1-scaled-e1763592603498-1080x1536.jpg 1080w, https:\/\/acelawtx.com\/wp-content\/uploads\/2025\/11\/CristalT.Photography-5-1-scaled-e1763592603498-1440x2048.jpg 1440w, https:\/\/acelawtx.com\/wp-content\/uploads\/2025\/11\/CristalT.Photography-5-1-scaled-e1763592603498-8x12.jpg 8w, https:\/\/acelawtx.com\/wp-content\/uploads\/2025\/11\/CristalT.Photography-5-1-scaled-e1763592603498-394x560.jpg 394w, https:\/\/acelawtx.com\/wp-content\/uploads\/2025\/11\/CristalT.Photography-5-1-scaled-e1763592603498.jpg 1707w\" sizes=\"(max-width: 720px) 100vw, 720px\" \/>\t\t\t\t\t\t\t\t\t\t\t\t\t\t\t<\/div>\n\t\t                    <\/div>\r\n        <\/div>\r\n                <div class=\"elementor-column elementor-col-50 elementor-top-column elementor-element elementor-element-a712289 pxl-column-element-default\" data-id=\"a712289\" data-element_type=\"column\" data-e-type=\"column\" data-settings=\"{&quot;background_background&quot;:&quot;classic&quot;}\">\r\n        <div class=\"elementor-widget-wrap elementor-element-populated\">\r\n                    \t\t<div class=\"elementor-element elementor-element-751cb8c pxl-heading-layout-1 elementor-widget elementor-widget-pxl_heading\" data-id=\"751cb8c\" data-element_type=\"widget\" data-e-type=\"widget\" data-widget_type=\"pxl_heading.default\">\n\t\t\t\t<div class=\"elementor-widget-container\">\n\t\t\t\t\t<div class=\"pxl-heading-wrap d-flex layout1\">\n    <div class=\"pxl-heading-inner\">\n        \n        <h4 class=\"heading-title\">\n            <span >\n                Biograf\u00eda<br \/>\n            <\/span>\n                    <\/h4>\n\n            <\/div>\n<\/div>\n\n\t\t\t\t<\/div>\n\t\t\t\t<\/div>\n\t\t\t\t<div class=\"elementor-element elementor-element-b390da8 elementor-widget elementor-widget-pxl_text_editor\" data-id=\"b390da8\" data-element_type=\"widget\" data-e-type=\"widget\" data-widget_type=\"pxl_text_editor.default\">\n\t\t\t\t<div class=\"elementor-widget-container\">\n\t\t\t\t\t<div id=\"pxl_text_editor-b390da8-3383\" class=\"pxl-text-editor-wrap d-flex\" >\n\t<div class=\"pxl-text-editor elementor-clearfix\">\n        <p>La atenci\u00f3n al detalle y las s\u00f3lidas habilidades organizativas de Kaylee le permiten coordinar eficientemente los materiales de los casos, comunicarse con los clientes y asegurar que todos los procedimientos legales se realicen con precisi\u00f3n. Recientemente, Kaylee ha ampliado su pr\u00e1ctica al derecho de Lesiones Personales, donde asiste con casos de accidentes de veh\u00edculos motorizados, reclamaciones de seguros y coordinaci\u00f3n de registros m\u00e9dicos.<\/p><p>Est\u00e1 ansiosa por continuar ampliando sus conocimientos en esta \u00e1rea, al tiempo que mantiene su compromiso de apoyar a los clientes durante todo el proceso legal. Nacida y criada en Houston, Texas, Kaylee tambi\u00e9n pas\u00f3 parte de su vida en Matamoros, M\u00e9xico, donde reside gran parte de su familia. Se gradu\u00f3 con su T\u00edtulo Asociado en Estudios de Asistente Legal en mayo de 2025 y actualmente est\u00e1 cursando su T\u00edtulo de Licenciatura, con planes de asistir a la facultad de derecho en el futuro. A trav\u00e9s de su educaci\u00f3n, experiencia y habilidades biling\u00fces, Kaylee aporta una perspectiva \u00fanica a su trabajo y se dedica a guiar a los clientes a trav\u00e9s de sus asuntos legales con cuidado y precisi\u00f3n.<\/p><p>Fuera del trabajo, Kaylee disfruta pasar tiempo con su familia, cocinar y visitar parques con sus perros.<\/p>\t<\/div>\n<\/div>\t\t\t\t<\/div>\n\t\t\t\t<\/div>\n\t\t                    <\/div>\r\n        <\/div>\r\n        \t\t\t<\/div>\n\t\t<\/section>\n\t\t        <section class=\"elementor-section elementor-top-section elementor-element elementor-element-8d66fc8 elementor-reverse-tablet elementor-reverse-mobile_extra elementor-reverse-mobile elementor-section-boxed elementor-section-height-default elementor-section-height-default pxl-shape-divider-none\" data-id=\"8d66fc8\" data-element_type=\"section\" data-e-type=\"section\">\n\n                \n                <div class=\"elementor-container elementor-column-gap-default\">\n                <div class=\"elementor-column elementor-col-50 elementor-top-column elementor-element elementor-element-7655d20 pxl-column-element-default\" data-id=\"7655d20\" data-element_type=\"column\" data-e-type=\"column\">\r\n        <div class=\"elementor-widget-wrap elementor-element-populated\">\r\n                            <section class=\"elementor-section elementor-inner-section elementor-element elementor-element-d12f612 elementor-section-boxed elementor-section-height-default elementor-section-height-default pxl-shape-divider-none\" data-id=\"d12f612\" data-element_type=\"section\" data-e-type=\"section\">\n\n                \n                <div class=\"elementor-container elementor-column-gap-no\">\n                <div class=\"elementor-column elementor-col-100 elementor-inner-column elementor-element elementor-element-d5accbb pxl-column-element-default\" data-id=\"d5accbb\" data-element_type=\"column\" data-e-type=\"column\">\r\n        <div class=\"elementor-widget-wrap elementor-element-populated\">\r\n                    \t\t<div class=\"elementor-element elementor-element-c276456 elementor-widget elementor-widget-pxl_sidebar_tabs\" data-id=\"c276456\" data-element_type=\"widget\" data-e-type=\"widget\" data-widget_type=\"pxl_sidebar_tabs.default\">\n\t\t\t\t<div class=\"elementor-widget-container\">\n\t\t\t\t\t    <div class=\"pxl-sidebar-tabs\">\r\n                    <div class=\"anchor-link-item\" data-target=\"#anchor-inner-overview\">\r\n                <span>Participaci\u00f3n en la comunidad<\/span>\r\n                <i class=\"zmdi zmdi-long-arrow-right\"><\/i>\r\n            <\/div>\r\n                    <div class=\"anchor-link-item\" data-target=\"#anchor-inner-area\">\r\n                <span>Asociaciones profesionales y membres\u00edas<\/span>\r\n                <i class=\"zmdi zmdi-long-arrow-right\"><\/i>\r\n            <\/div>\r\n                    <div class=\"anchor-link-item\" data-target=\"#anchor-inner-case\">\r\n                <span>Idiomas<\/span>\r\n                <i class=\"zmdi zmdi-long-arrow-right\"><\/i>\r\n            <\/div>\r\n            <\/div>\r\n    \t\t\t\t<\/div>\n\t\t\t\t<\/div>\n\t\t                    <\/div>\r\n        <\/div>\r\n        \t\t\t<\/div>\n\t\t<\/section>\n\t\t        <section class=\"elementor-section elementor-inner-section elementor-element elementor-element-1ba8167 elementor-section-boxed elementor-section-height-default elementor-section-height-default pxl-shape-divider-none\" data-id=\"1ba8167\" data-element_type=\"section\" data-e-type=\"section\" data-settings=\"{&quot;background_background&quot;:&quot;classic&quot;}\">\n\n                            <div class=\"elementor-background-overlay\"><\/div>\n            \n                <div class=\"elementor-container elementor-column-gap-no\">\n                <div class=\"elementor-column elementor-col-100 elementor-inner-column elementor-element elementor-element-afdfe6e pxl-column-element-default\" data-id=\"afdfe6e\" data-element_type=\"column\" data-e-type=\"column\">\r\n        <div class=\"elementor-widget-wrap elementor-element-populated\">\r\n                    \t\t<div class=\"elementor-element elementor-element-453ac3a widget-title pxl-heading-layout-1 elementor-widget elementor-widget-pxl_heading\" data-id=\"453ac3a\" data-element_type=\"widget\" data-e-type=\"widget\" data-widget_type=\"pxl_heading.default\">\n\t\t\t\t<div class=\"elementor-widget-container\">\n\t\t\t\t\t<div class=\"pxl-heading-wrap d-flex layout1\">\n    <div class=\"pxl-heading-inner\">\n        \n        <h2 class=\"heading-title\">\n            <span >\n                Vamos a ganar <span class=\"color-primary\">juntos<\/span>            <\/span>\n                    <\/h2>\n\n            <\/div>\n<\/div>\n\n\t\t\t\t<\/div>\n\t\t\t\t<\/div>\n\t\t\t\t<div class=\"elementor-element elementor-element-c8627e4 elementor-widget elementor-widget-text-editor\" data-id=\"c8627e4\" data-element_type=\"widget\" data-e-type=\"widget\" data-widget_type=\"text-editor.default\">\n\t\t\t\t\t\t\t\t\t<p>Por favor, si\u00e9ntase libre de contactarnos. Nos pondremos en contacto con usted en 1 d\u00eda h\u00e1bil. O ll\u00e1menos ahora mismo.<\/p>\t\t\t\t\t\t\t\t<\/div>\n\t\t\t\t<div class=\"elementor-element elementor-element-3d40a56 elementor-widget-divider--view-line elementor-widget elementor-widget-divider\" data-id=\"3d40a56\" data-element_type=\"widget\" data-e-type=\"widget\" data-widget_type=\"divider.default\">\n\t\t\t\t\t\t\t<div class=\"elementor-divider\">\n\t\t\t<span class=\"elementor-divider-separator\">\n\t\t\t\t\t\t<\/span>\n\t\t<\/div>\n\t\t\t\t\t\t<\/div>\n\t\t\t\t<div class=\"elementor-element elementor-element-23faeba elementor-position-inline-start mobile-inline elementor-view-default elementor-mobile-position-block-start elementor-widget elementor-widget-icon-box\" data-id=\"23faeba\" data-element_type=\"widget\" data-e-type=\"widget\" data-widget_type=\"icon-box.default\">\n\t\t\t\t\t\t\t<div class=\"elementor-icon-box-wrapper\">\n\n\t\t\t\t\t\t<div class=\"elementor-icon-box-icon\">\n\t\t\t\t<a href=\"tel:713-344-1833\" target=\"_blank\" rel=\"nofollow\" class=\"elementor-icon elementor-animation-pulse\" tabindex=\"-1\" aria-label=\"713-344-1833\">\n\t\t\t\t<i aria-hidden=\"true\" class=\"zmdi zmdi-phone\"><\/i>\t\t\t\t<\/a>\n\t\t\t<\/div>\n\t\t\t\n\t\t\t\t\t\t<div class=\"elementor-icon-box-content\">\n\n\t\t\t\t\t\t\t\t\t<h3 class=\"elementor-icon-box-title\">\n\t\t\t\t\t\t<a href=\"tel:713-344-1833\" target=\"_blank\" rel=\"nofollow\" >\n\t\t\t\t\t\t\t713-344-1833\t\t\t\t\t\t<\/a>\n\t\t\t\t\t<\/h3>\n\t\t\t\t\n\t\t\t\t\n\t\t\t<\/div>\n\t\t\t\n\t\t<\/div>\n\t\t\t\t\t\t<\/div>\n\t\t\t\t<div class=\"elementor-element elementor-element-64366ef elementor-position-inline-start mobile-inline elementor-view-default elementor-mobile-position-block-start elementor-widget elementor-widget-icon-box\" data-id=\"64366ef\" data-element_type=\"widget\" data-e-type=\"widget\" data-widget_type=\"icon-box.default\">\n\t\t\t\t\t\t\t<div class=\"elementor-icon-box-wrapper\">\n\n\t\t\t\t\t\t<div class=\"elementor-icon-box-icon\">\n\t\t\t\t<a href=\"mailto:contact@example.com\" class=\"elementor-icon elementor-animation-pulse\" tabindex=\"-1\" aria-label=\"office@acelawtx.com\">\n\t\t\t\t<i aria-hidden=\"true\" class=\"medcaline zmdi zmdi-email\"><\/i>\t\t\t\t<\/a>\n\t\t\t<\/div>\n\t\t\t\n\t\t\t\t\t\t<div class=\"elementor-icon-box-content\">\n\n\t\t\t\t\t\t\t\t\t<h3 class=\"elementor-icon-box-title\">\n\t\t\t\t\t\t<a href=\"mailto:contact@example.com\" >\n\t\t\t\t\t\t\toffice@acelawtx.com\t\t\t\t\t\t<\/a>\n\t\t\t\t\t<\/h3>\n\t\t\t\t\n\t\t\t\t\n\t\t\t<\/div>\n\t\t\t\n\t\t<\/div>\n\t\t\t\t\t\t<\/div>\n\t\t                    <\/div>\r\n        <\/div>\r\n        \t\t\t<\/div>\n\t\t<\/section>\n\t\t\t\t<div class=\"elementor-element elementor-element-f69b0a5 elementor-widget elementor-widget-pxl_button\" data-id=\"f69b0a5\" data-element_type=\"widget\" data-e-type=\"widget\" data-widget_type=\"pxl_button.default\">\n\t\t\t\t<div class=\"elementor-widget-container\">\n\t\t\t\t\t<div id=\"pxl_button-f69b0a5-1527\" class=\"pxl-button-wrapper d-flex pxl-button-layout1\">\r\n    <a href=\"https:\/\/acelawtx.com\/es\/contact\/\" class=\"btn btn-fullwidth icon-ps-right\">\r\n                <span class=\"pxl-button-text\">\u00a1cont\u00e1ctanos hoy!<\/span>\r\n            <\/a>\r\n<\/div>\t\t\t\t<\/div>\n\t\t\t\t<\/div>\n\t\t                    <\/div>\r\n        <\/div>\r\n                <div class=\"elementor-column elementor-col-50 elementor-top-column elementor-element elementor-element-e3f1f95 pxl-column-element-default\" data-id=\"e3f1f95\" data-element_type=\"column\" data-e-type=\"column\">\r\n        <div class=\"elementor-widget-wrap elementor-element-populated\">\r\n                            <section class=\"elementor-section elementor-inner-section elementor-element elementor-element-d8009d3 anchor-inner-item elementor-section-boxed elementor-section-height-default elementor-section-height-default pxl-shape-divider-none\" data-id=\"d8009d3\" data-element_type=\"section\" data-e-type=\"section\" id=\"anchor-inner-overview\">\n\n                \n                <div class=\"elementor-container elementor-column-gap-no\">\n                <div class=\"elementor-column elementor-col-100 elementor-inner-column elementor-element elementor-element-a71253b pxl-column-element-default\" data-id=\"a71253b\" data-element_type=\"column\" data-e-type=\"column\">\r\n        <div class=\"elementor-widget-wrap elementor-element-populated\">\r\n                    \t\t<div class=\"elementor-element elementor-element-3ff4fae pxl-heading-layout-1 elementor-widget elementor-widget-pxl_heading\" data-id=\"3ff4fae\" data-element_type=\"widget\" data-e-type=\"widget\" data-widget_type=\"pxl_heading.default\">\n\t\t\t\t<div class=\"elementor-widget-container\">\n\t\t\t\t\t<div class=\"pxl-heading-wrap d-flex layout1\">\n    <div class=\"pxl-heading-inner\">\n        \n        <h3 class=\"heading-title\">\n            <span >\n                Participaci\u00f3n en la comunidad            <\/span>\n                    <\/h3>\n\n            <\/div>\n<\/div>\n\n\t\t\t\t<\/div>\n\t\t\t\t<\/div>\n\t\t\t\t<div class=\"elementor-element elementor-element-3c13535 elementor-widget elementor-widget-pxl_text_editor\" data-id=\"3c13535\" data-element_type=\"widget\" data-e-type=\"widget\" data-widget_type=\"pxl_text_editor.default\">\n\t\t\t\t<div class=\"elementor-widget-container\">\n\t\t\t\t\t<div id=\"pxl_text_editor-3c13535-1541\" class=\"pxl-text-editor-wrap d-flex\" >\n\t<div class=\"pxl-text-editor elementor-clearfix\">\n        <p>Kaylee es una apasionada del servicio comunitario y ha estado activamente involucrada en una variedad de organizaciones comunitarias.<br \/>iniciativas, entre ellas:<br \/>\u2013 Ayudar a los adictos a recuperarse<br \/>\u2013 Ayudar a animales necesitados y ser voluntario en un refugio local<br \/>\u2013 Contribuyendo a trav\u00e9s de campa\u00f1as de donaci\u00f3n y esfuerzos de apoyo comunitario<br \/>\u2013 Participar en eventos de concienciaci\u00f3n comunitaria siempre que surjan oportunidades<\/p>\t<\/div>\n<\/div>\t\t\t\t<\/div>\n\t\t\t\t<\/div>\n\t\t\t\t<div class=\"elementor-element elementor-element-e630f60 elementor-widget-divider--view-line elementor-widget elementor-widget-divider\" data-id=\"e630f60\" data-element_type=\"widget\" data-e-type=\"widget\" data-widget_type=\"divider.default\">\n\t\t\t\t\t\t\t<div class=\"elementor-divider\">\n\t\t\t<span class=\"elementor-divider-separator\">\n\t\t\t\t\t\t<\/span>\n\t\t<\/div>\n\t\t\t\t\t\t<\/div>\n\t\t                    <\/div>\r\n        <\/div>\r\n        \t\t\t<\/div>\n\t\t<\/section>\n\t\t        <section class=\"elementor-section elementor-inner-section elementor-element elementor-element-bcaf374 anchor-inner-item elementor-section-boxed elementor-section-height-default elementor-section-height-default pxl-shape-divider-none\" data-id=\"bcaf374\" data-element_type=\"section\" data-e-type=\"section\" id=\"anchor-inner-area\">\n\n                \n                <div class=\"elementor-container elementor-column-gap-no\">\n                <div class=\"elementor-column elementor-col-100 elementor-inner-column elementor-element elementor-element-4183e1f pxl-column-element-default\" data-id=\"4183e1f\" data-element_type=\"column\" data-e-type=\"column\">\r\n        <div class=\"elementor-widget-wrap elementor-element-populated\">\r\n                    \t\t<div class=\"elementor-element elementor-element-8f90546 pxl-heading-layout-1 elementor-widget elementor-widget-pxl_heading\" data-id=\"8f90546\" data-element_type=\"widget\" data-e-type=\"widget\" data-widget_type=\"pxl_heading.default\">\n\t\t\t\t<div class=\"elementor-widget-container\">\n\t\t\t\t\t<div class=\"pxl-heading-wrap d-flex layout1\">\n    <div class=\"pxl-heading-inner\">\n        \n        <h3 class=\"heading-title\">\n            <span >\n                Asociaciones profesionales y membres\u00edas            <\/span>\n                    <\/h3>\n\n            <\/div>\n<\/div>\n\n\t\t\t\t<\/div>\n\t\t\t\t<\/div>\n\t\t\t\t<div class=\"elementor-element elementor-element-444a335 elementor-widget elementor-widget-pxl_text_editor\" data-id=\"444a335\" data-element_type=\"widget\" data-e-type=\"widget\" data-widget_type=\"pxl_text_editor.default\">\n\t\t\t\t<div class=\"elementor-widget-container\">\n\t\t\t\t\t<div id=\"pxl_text_editor-444a335-2321\" class=\"pxl-text-editor-wrap d-flex\" >\n\t<div class=\"pxl-text-editor elementor-clearfix\">\n        <p>Asociaci\u00f3n de Asistentes Legales de Houston<\/p>\t<\/div>\n<\/div>\t\t\t\t<\/div>\n\t\t\t\t<\/div>\n\t\t                    <\/div>\r\n        <\/div>\r\n        \t\t\t<\/div>\n\t\t<\/section>\n\t\t        <section class=\"elementor-section elementor-inner-section elementor-element elementor-element-1019c17 anchor-inner-item elementor-section-boxed elementor-section-height-default elementor-section-height-default pxl-shape-divider-none\" data-id=\"1019c17\" data-element_type=\"section\" data-e-type=\"section\" id=\"anchor-inner-case\">\n\n                \n                <div class=\"elementor-container elementor-column-gap-no\">\n                <div class=\"elementor-column elementor-col-100 elementor-inner-column elementor-element elementor-element-ea8fa61 pxl-column-element-default\" data-id=\"ea8fa61\" data-element_type=\"column\" data-e-type=\"column\">\r\n        <div class=\"elementor-widget-wrap elementor-element-populated\">\r\n                    \t\t<div class=\"elementor-element elementor-element-e657623 pxl-heading-layout-1 elementor-widget elementor-widget-pxl_heading\" data-id=\"e657623\" data-element_type=\"widget\" data-e-type=\"widget\" data-widget_type=\"pxl_heading.default\">\n\t\t\t\t<div class=\"elementor-widget-container\">\n\t\t\t\t\t<div class=\"pxl-heading-wrap d-flex layout1\">\n    <div class=\"pxl-heading-inner\">\n        \n        <h3 class=\"heading-title\">\n            <span >\n                Idiomas            <\/span>\n                    <\/h3>\n\n            <\/div>\n<\/div>\n\n\t\t\t\t<\/div>\n\t\t\t\t<\/div>\n\t\t\t\t<div class=\"elementor-element elementor-element-3a5c3a6 elementor-widget elementor-widget-pxl_text_editor\" data-id=\"3a5c3a6\" data-element_type=\"widget\" data-e-type=\"widget\" data-widget_type=\"pxl_text_editor.default\">\n\t\t\t\t<div class=\"elementor-widget-container\">\n\t\t\t\t\t<div id=\"pxl_text_editor-3a5c3a6-3076\" class=\"pxl-text-editor-wrap d-flex\" >\n\t<div class=\"pxl-text-editor elementor-clearfix\">\n        <ul><li>Ingl\u00e9s<\/li><li>Espa\u00f1ol<\/li><\/ul>\t<\/div>\n<\/div>\t\t\t\t<\/div>\n\t\t\t\t<\/div>\n\t\t                    <\/div>\r\n        <\/div>\r\n        \t\t\t<\/div>\n\t\t<\/section>\n\t\t                    <\/div>\r\n        <\/div>\r\n        \t\t\t<\/div>\n\t\t<\/section>\n\t\t\t\t<\/div>","protected":false},"excerpt":{"rendered":"<p>As a Paralegal at Ace Law, Kaylee Bentancourt supports both Business and Civil Litigation matters. She began her career working with business owners, gaining valuable experience in preparing and filing liens, drafting demand letters, organizing and managing litigation files, and assisting attorneys with discovery, pleadings, and trial preparation. Biography Kaylee\u2019s attention to detail and strong [&hellip;]<\/p>\n","protected":false},"author":1,"featured_media":0,"parent":3893,"menu_order":0,"comment_status":"closed","ping_status":"closed","template":"","meta":{"footnotes":""},"class_list":["post-12319","page","type-page","status-publish","hentry"],"_links":{"self":[{"href":"https:\/\/acelawtx.com\/es\/wp-json\/wp\/v2\/pages\/12319","targetHints":{"allow":["GET"]}}],"collection":[{"href":"https:\/\/acelawtx.com\/es\/wp-json\/wp\/v2\/pages"}],"about":[{"href":"https:\/\/acelawtx.com\/es\/wp-json\/wp\/v2\/types\/page"}],"author":[{"embeddable":true,"href":"https:\/\/acelawtx.com\/es\/wp-json\/wp\/v2\/users\/1"}],"replies":[{"embeddable":true,"href":"https:\/\/acelawtx.com\/es\/wp-json\/wp\/v2\/comments?post=12319"}],"version-history":[{"count":6,"href":"https:\/\/acelawtx.com\/es\/wp-json\/wp\/v2\/pages\/12319\/revisions"}],"predecessor-version":[{"id":13256,"href":"https:\/\/acelawtx.com\/es\/wp-json\/wp\/v2\/pages\/12319\/revisions\/13256"}],"up":[{"embeddable":true,"href":"https:\/\/acelawtx.com\/es\/wp-json\/wp\/v2\/pages\/3893"}],"wp:attachment":[{"href":"https:\/\/acelawtx.com\/es\/wp-json\/wp\/v2\/media?parent=12319"}],"curies":[{"name":"wp","href":"https:\/\/api.w.org\/{rel}","templated":true}]}}