{"id":10915,"date":"2025-11-03T22:40:37","date_gmt":"2025-11-03T22:40:37","guid":{"rendered":"https:\/\/acelawtx.com\/?page_id=10915"},"modified":"2025-11-20T16:41:42","modified_gmt":"2025-11-20T16:41:42","slug":"jasmin-ann-rosas","status":"publish","type":"page","link":"https:\/\/acelawtx.com\/es\/our-team\/jasmin-ann-rosas\/","title":{"rendered":"Jasmin Ann Rosas"},"content":{"rendered":"<div data-elementor-type=\"wp-page\" data-elementor-id=\"10915\" class=\"elementor elementor-10915\">\n\t\t\t\t        <section class=\"elementor-section elementor-top-section elementor-element elementor-element-aff431a elementor-section-boxed elementor-section-height-default elementor-section-height-default pxl-shape-divider-none\" data-id=\"aff431a\" data-element_type=\"section\" data-e-type=\"section\">\n\n                \n                <div class=\"elementor-container elementor-column-gap-default\">\n                <div class=\"elementor-column elementor-col-100 elementor-top-column elementor-element elementor-element-8113f01 pxl-column-element-default\" data-id=\"8113f01\" data-element_type=\"column\" data-e-type=\"column\">\r\n        <div class=\"elementor-widget-wrap elementor-element-populated\">\r\n                            <section class=\"elementor-section elementor-inner-section elementor-element elementor-element-da8ed65 elementor-section-boxed elementor-section-height-default elementor-section-height-default pxl-shape-divider-none\" data-id=\"da8ed65\" data-element_type=\"section\" data-e-type=\"section\" data-settings=\"{&quot;background_background&quot;:&quot;classic&quot;}\">\n\n                            <div class=\"elementor-background-overlay\"><\/div>\n            \n                <div class=\"elementor-container elementor-column-gap-default\">\n                <div class=\"elementor-column elementor-col-100 elementor-inner-column elementor-element elementor-element-838b205 pxl-column-element-default\" data-id=\"838b205\" data-element_type=\"column\" data-e-type=\"column\">\r\n        <div class=\"elementor-widget-wrap elementor-element-populated\">\r\n                    \t\t<div class=\"elementor-element elementor-element-b5aa5f5 pxl-heading-layout-1 elementor-widget elementor-widget-pxl_heading\" data-id=\"b5aa5f5\" data-element_type=\"widget\" data-e-type=\"widget\" data-widget_type=\"pxl_heading.default\">\n\t\t\t\t<div class=\"elementor-widget-container\">\n\t\t\t\t\t<div class=\"pxl-heading-wrap d-flex layout1\">\n    <div class=\"pxl-heading-inner center\">\n        \n        <h4 class=\"heading-title\">\n            <span >\n                Jasmin Ann Rosas es una Asistente Legal Senior cuyo rol combina conocimientos legales avanzados con a\u00f1os de experiencia pr\u00e1ctica en la gesti\u00f3n de casos complejos y el apoyo a abogados. Aporta una gran experiencia en Defensa Penal y ha desarrollado una profunda pasi\u00f3n por el trabajo en Lesiones Personales. Trabajando tanto como Gerente de Casos como Asistente Legal de Litigios, Jasmin es una parte integral de nuestro equipo de Lesiones Personales. Ella gestiona expedientes, gu\u00eda a los clientes a lo largo del proceso legal y se dedica a lograr resultados exitosos con cuidado y determinaci\u00f3n.            <\/span>\n                    <\/h4>\n\n            <\/div>\n<\/div>\n\n\t\t\t\t<\/div>\n\t\t\t\t<\/div>\n\t\t                    <\/div>\r\n        <\/div>\r\n        \t\t\t<\/div>\n\t\t<\/section>\n\t\t                    <\/div>\r\n        <\/div>\r\n        \t\t\t<\/div>\n\t\t<\/section>\n\t\t        <section class=\"elementor-section elementor-top-section elementor-element elementor-element-5ba77ca elementor-section-boxed elementor-section-height-default elementor-section-height-default pxl-shape-divider-none\" data-id=\"5ba77ca\" data-element_type=\"section\" data-e-type=\"section\">\n\n                \n                <div class=\"elementor-container elementor-column-gap-default\">\n                <div class=\"elementor-column elementor-col-50 elementor-top-column elementor-element elementor-element-b39999f pxl-column-element-default\" data-id=\"b39999f\" data-element_type=\"column\" data-e-type=\"column\">\r\n        <div class=\"elementor-widget-wrap elementor-element-populated\">\r\n                    \t\t<div class=\"elementor-element elementor-element-1782c3b flash-hover elementor-widget elementor-widget-image\" data-id=\"1782c3b\" data-element_type=\"widget\" data-e-type=\"widget\" data-widget_type=\"image.default\">\n\t\t\t\t\t\t\t\t\t\t\t\t\t\t\t<img decoding=\"async\" width=\"721\" height=\"1024\" src=\"https:\/\/acelawtx.com\/wp-content\/uploads\/2025\/11\/68c047b99de31_AdobeExpress2025090909.27.59.jpeg-e1763592450714-721x1024.webp\" class=\"attachment-large size-large wp-image-10910\" alt=\"\" srcset=\"https:\/\/acelawtx.com\/wp-content\/uploads\/2025\/11\/68c047b99de31_AdobeExpress2025090909.27.59.jpeg-e1763592450714-721x1024.webp 721w, https:\/\/acelawtx.com\/wp-content\/uploads\/2025\/11\/68c047b99de31_AdobeExpress2025090909.27.59.jpeg-e1763592450714-211x300.webp 211w, https:\/\/acelawtx.com\/wp-content\/uploads\/2025\/11\/68c047b99de31_AdobeExpress2025090909.27.59.jpeg-e1763592450714-768x1091.webp 768w, https:\/\/acelawtx.com\/wp-content\/uploads\/2025\/11\/68c047b99de31_AdobeExpress2025090909.27.59.jpeg-e1763592450714-394x560.webp 394w, https:\/\/acelawtx.com\/wp-content\/uploads\/2025\/11\/68c047b99de31_AdobeExpress2025090909.27.59.jpeg-e1763592450714-8x12.webp 8w, https:\/\/acelawtx.com\/wp-content\/uploads\/2025\/11\/68c047b99de31_AdobeExpress2025090909.27.59.jpeg-e1763592450714.webp 800w\" sizes=\"(max-width: 721px) 100vw, 721px\">\t\t\t\t\t\t\t\t\t\t\t\t\t\t\t<\/div>\n\t\t                    <\/div>\r\n        <\/div>\r\n                <div class=\"elementor-column elementor-col-50 elementor-top-column elementor-element elementor-element-a712289 pxl-column-element-default\" data-id=\"a712289\" data-element_type=\"column\" data-e-type=\"column\" data-settings=\"{&quot;background_background&quot;:&quot;classic&quot;}\">\r\n        <div class=\"elementor-widget-wrap elementor-element-populated\">\r\n                    \t\t<div class=\"elementor-element elementor-element-751cb8c pxl-heading-layout-1 elementor-widget elementor-widget-pxl_heading\" data-id=\"751cb8c\" data-element_type=\"widget\" data-e-type=\"widget\" data-widget_type=\"pxl_heading.default\">\n\t\t\t\t<div class=\"elementor-widget-container\">\n\t\t\t\t\t<div class=\"pxl-heading-wrap d-flex layout1\">\n    <div class=\"pxl-heading-inner\">\n        \n        <h4 class=\"heading-title\">\n            <span >\n                Biograf\u00eda<br \/>\n            <\/span>\n                    <\/h4>\n\n            <\/div>\n<\/div>\n\n\t\t\t\t<\/div>\n\t\t\t\t<\/div>\n\t\t\t\t<div class=\"elementor-element elementor-element-b390da8 elementor-widget elementor-widget-pxl_text_editor\" data-id=\"b390da8\" data-element_type=\"widget\" data-e-type=\"widget\" data-widget_type=\"pxl_text_editor.default\">\n\t\t\t\t<div class=\"elementor-widget-container\">\n\t\t\t\t\t<div id=\"pxl_text_editor-b390da8-7902\" class=\"pxl-text-editor-wrap d-flex\" >\n\t<div class=\"pxl-text-editor elementor-clearfix\">\n        <p>Comenz\u00f3 su carrera en el \u00e1mbito legal en 2016 como recepcionista en un bufete de abogados, donde ascendi\u00f3 r\u00e1pidamente a asistente legal administrativa para sus divisiones de Derecho de Familia, Inmigraci\u00f3n y Defensa Penal. En octubre de 2018, se convirti\u00f3 a tiempo completo en asistente legal de Defensa Penal, desarrollando una s\u00f3lida base en gesti\u00f3n de casos y preparaci\u00f3n de juicios. Su dedicaci\u00f3n y liderazgo la llevaron a convertirse en Gerente de Asistentes Legales de Defensa Penal, donde asesor\u00f3 y supervis\u00f3 a un equipo de asistentes legales. Al concluir su tiempo en el bufete, Jasmin tambi\u00e9n adquiri\u00f3 valiosa experiencia gerencial como Gerente de Reclutamiento dentro del departamento de Desarrollo de Negocios, donde supervis\u00f3 la contrataci\u00f3n e iniciativas de talento.<\/p><p>Al combinar su experiencia en gesti\u00f3n con su experiencia legal, Jasmin aporta un enfoque integral y detallado a su rol. Est\u00e1 dedicada a apoyar a la firma y a garantizar que los clientes reciban un servicio profesional y compasivo durante todo el proceso legal. Mirando hacia el futuro, se esfuerza por seguir creciendo dentro de la firma expandiendo sus conocimientos en Lesiones Personales, asesorando a nuevos asistentes legales y ayudando a optimizar procesos que mejoren la eficiencia y el servicio.<\/p><p>M\u00e1s all\u00e1 de la oficina, Jasmin es una esposa y madre dedicada. Ella atesora las noches de cine acurrucada con sus peque\u00f1os.<\/p>\t<\/div>\n<\/div>\t\t\t\t<\/div>\n\t\t\t\t<\/div>\n\t\t                    <\/div>\r\n        <\/div>\r\n        \t\t\t<\/div>\n\t\t<\/section>\n\t\t        <section class=\"elementor-section elementor-top-section elementor-element elementor-element-8d66fc8 elementor-reverse-tablet elementor-reverse-mobile_extra elementor-reverse-mobile elementor-section-boxed elementor-section-height-default elementor-section-height-default pxl-shape-divider-none\" data-id=\"8d66fc8\" data-element_type=\"section\" data-e-type=\"section\">\n\n                \n                <div class=\"elementor-container elementor-column-gap-default\">\n                <div class=\"elementor-column elementor-col-50 elementor-top-column elementor-element elementor-element-7655d20 pxl-column-element-default\" data-id=\"7655d20\" data-element_type=\"column\" data-e-type=\"column\">\r\n        <div class=\"elementor-widget-wrap elementor-element-populated\">\r\n                            <section class=\"elementor-section elementor-inner-section elementor-element elementor-element-d12f612 elementor-section-boxed elementor-section-height-default elementor-section-height-default pxl-shape-divider-none\" data-id=\"d12f612\" data-element_type=\"section\" data-e-type=\"section\">\n\n                \n                <div class=\"elementor-container elementor-column-gap-no\">\n                <div class=\"elementor-column elementor-col-100 elementor-inner-column elementor-element elementor-element-d5accbb pxl-column-element-default\" data-id=\"d5accbb\" data-element_type=\"column\" data-e-type=\"column\">\r\n        <div class=\"elementor-widget-wrap elementor-element-populated\">\r\n                    \t\t<div class=\"elementor-element elementor-element-c276456 elementor-widget elementor-widget-pxl_sidebar_tabs\" data-id=\"c276456\" data-element_type=\"widget\" data-e-type=\"widget\" data-widget_type=\"pxl_sidebar_tabs.default\">\n\t\t\t\t<div class=\"elementor-widget-container\">\n\t\t\t\t\t    <div class=\"pxl-sidebar-tabs\">\r\n                    <div class=\"anchor-link-item\" data-target=\"#anchor-inner-overview\">\r\n                <span>Participaci\u00f3n en la comunidad<\/span>\r\n                <i class=\"zmdi zmdi-long-arrow-right\"><\/i>\r\n            <\/div>\r\n                    <div class=\"anchor-link-item\" data-target=\"#anchor-inner-case\">\r\n                <span>Idiomas<\/span>\r\n                <i class=\"zmdi zmdi-long-arrow-right\"><\/i>\r\n            <\/div>\r\n                    <div class=\"anchor-link-item\" data-target=\"#anchor-inner-area\">\r\n                <span>Asociaciones profesionales y membres\u00edas<\/span>\r\n                <i class=\"zmdi zmdi-long-arrow-right\"><\/i>\r\n            <\/div>\r\n            <\/div>\r\n    \t\t\t\t<\/div>\n\t\t\t\t<\/div>\n\t\t                    <\/div>\r\n        <\/div>\r\n        \t\t\t<\/div>\n\t\t<\/section>\n\t\t        <section class=\"elementor-section elementor-inner-section elementor-element elementor-element-1ba8167 elementor-section-boxed elementor-section-height-default elementor-section-height-default pxl-shape-divider-none\" data-id=\"1ba8167\" data-element_type=\"section\" data-e-type=\"section\" data-settings=\"{&quot;background_background&quot;:&quot;classic&quot;}\">\n\n                            <div class=\"elementor-background-overlay\"><\/div>\n            \n                <div class=\"elementor-container elementor-column-gap-no\">\n                <div class=\"elementor-column elementor-col-100 elementor-inner-column elementor-element elementor-element-afdfe6e pxl-column-element-default\" data-id=\"afdfe6e\" data-element_type=\"column\" data-e-type=\"column\">\r\n        <div class=\"elementor-widget-wrap elementor-element-populated\">\r\n                    \t\t<div class=\"elementor-element elementor-element-453ac3a widget-title pxl-heading-layout-1 elementor-widget elementor-widget-pxl_heading\" data-id=\"453ac3a\" data-element_type=\"widget\" data-e-type=\"widget\" data-widget_type=\"pxl_heading.default\">\n\t\t\t\t<div class=\"elementor-widget-container\">\n\t\t\t\t\t<div class=\"pxl-heading-wrap d-flex layout1\">\n    <div class=\"pxl-heading-inner\">\n        \n        <h2 class=\"heading-title\">\n            <span >\n                Vamos a ganar <span class=\"color-primary\">juntos<\/span>            <\/span>\n                    <\/h2>\n\n            <\/div>\n<\/div>\n\n\t\t\t\t<\/div>\n\t\t\t\t<\/div>\n\t\t\t\t<div class=\"elementor-element elementor-element-c8627e4 elementor-widget elementor-widget-text-editor\" data-id=\"c8627e4\" data-element_type=\"widget\" data-e-type=\"widget\" data-widget_type=\"text-editor.default\">\n\t\t\t\t\t\t\t\t\t<p>Por favor, si\u00e9ntase libre de contactarnos. Nos pondremos en contacto con usted en 1 d\u00eda h\u00e1bil. O ll\u00e1menos ahora mismo.<\/p>\t\t\t\t\t\t\t\t<\/div>\n\t\t\t\t<div class=\"elementor-element elementor-element-3d40a56 elementor-widget-divider--view-line elementor-widget elementor-widget-divider\" data-id=\"3d40a56\" data-element_type=\"widget\" data-e-type=\"widget\" data-widget_type=\"divider.default\">\n\t\t\t\t\t\t\t<div class=\"elementor-divider\">\n\t\t\t<span class=\"elementor-divider-separator\">\n\t\t\t\t\t\t<\/span>\n\t\t<\/div>\n\t\t\t\t\t\t<\/div>\n\t\t\t\t<div class=\"elementor-element elementor-element-23faeba elementor-position-inline-start mobile-inline elementor-view-default elementor-mobile-position-block-start elementor-widget elementor-widget-icon-box\" data-id=\"23faeba\" data-element_type=\"widget\" data-e-type=\"widget\" data-widget_type=\"icon-box.default\">\n\t\t\t\t\t\t\t<div class=\"elementor-icon-box-wrapper\">\n\n\t\t\t\t\t\t<div class=\"elementor-icon-box-icon\">\n\t\t\t\t<a href=\"tel:713-344-1833\" target=\"_blank\" rel=\"nofollow\" class=\"elementor-icon elementor-animation-pulse\" tabindex=\"-1\" aria-label=\"713-344-1833\">\n\t\t\t\t<i aria-hidden=\"true\" class=\"zmdi zmdi-phone\"><\/i>\t\t\t\t<\/a>\n\t\t\t<\/div>\n\t\t\t\n\t\t\t\t\t\t<div class=\"elementor-icon-box-content\">\n\n\t\t\t\t\t\t\t\t\t<h3 class=\"elementor-icon-box-title\">\n\t\t\t\t\t\t<a href=\"tel:713-344-1833\" target=\"_blank\" rel=\"nofollow\" >\n\t\t\t\t\t\t\t713-344-1833\t\t\t\t\t\t<\/a>\n\t\t\t\t\t<\/h3>\n\t\t\t\t\n\t\t\t\t\n\t\t\t<\/div>\n\t\t\t\n\t\t<\/div>\n\t\t\t\t\t\t<\/div>\n\t\t\t\t<div class=\"elementor-element elementor-element-64366ef elementor-position-inline-start mobile-inline elementor-view-default elementor-mobile-position-block-start elementor-widget elementor-widget-icon-box\" data-id=\"64366ef\" data-element_type=\"widget\" data-e-type=\"widget\" data-widget_type=\"icon-box.default\">\n\t\t\t\t\t\t\t<div class=\"elementor-icon-box-wrapper\">\n\n\t\t\t\t\t\t<div class=\"elementor-icon-box-icon\">\n\t\t\t\t<a href=\"mailto:contact@example.com\" class=\"elementor-icon elementor-animation-pulse\" tabindex=\"-1\" aria-label=\"office@acelawtx.com\">\n\t\t\t\t<i aria-hidden=\"true\" class=\"medcaline zmdi zmdi-email\"><\/i>\t\t\t\t<\/a>\n\t\t\t<\/div>\n\t\t\t\n\t\t\t\t\t\t<div class=\"elementor-icon-box-content\">\n\n\t\t\t\t\t\t\t\t\t<h3 class=\"elementor-icon-box-title\">\n\t\t\t\t\t\t<a href=\"mailto:contact@example.com\" >\n\t\t\t\t\t\t\toffice@acelawtx.com\t\t\t\t\t\t<\/a>\n\t\t\t\t\t<\/h3>\n\t\t\t\t\n\t\t\t\t\n\t\t\t<\/div>\n\t\t\t\n\t\t<\/div>\n\t\t\t\t\t\t<\/div>\n\t\t                    <\/div>\r\n        <\/div>\r\n        \t\t\t<\/div>\n\t\t<\/section>\n\t\t\t\t<div class=\"elementor-element elementor-element-f69b0a5 elementor-widget elementor-widget-pxl_button\" data-id=\"f69b0a5\" data-element_type=\"widget\" data-e-type=\"widget\" data-widget_type=\"pxl_button.default\">\n\t\t\t\t<div class=\"elementor-widget-container\">\n\t\t\t\t\t<div id=\"pxl_button-f69b0a5-2046\" class=\"pxl-button-wrapper d-flex pxl-button-layout1\">\r\n    <a href=\"https:\/\/acelawtx.com\/es\/contact\/\" class=\"btn btn-fullwidth icon-ps-right\">\r\n                <span class=\"pxl-button-text\">\u00a1cont\u00e1ctanos hoy!<\/span>\r\n            <\/a>\r\n<\/div>\t\t\t\t<\/div>\n\t\t\t\t<\/div>\n\t\t                    <\/div>\r\n        <\/div>\r\n                <div class=\"elementor-column elementor-col-50 elementor-top-column elementor-element elementor-element-e3f1f95 pxl-column-element-default\" data-id=\"e3f1f95\" data-element_type=\"column\" data-e-type=\"column\">\r\n        <div class=\"elementor-widget-wrap elementor-element-populated\">\r\n                            <section class=\"elementor-section elementor-inner-section elementor-element elementor-element-d8009d3 anchor-inner-item elementor-section-boxed elementor-section-height-default elementor-section-height-default pxl-shape-divider-none\" data-id=\"d8009d3\" data-element_type=\"section\" data-e-type=\"section\" id=\"anchor-inner-overview\">\n\n                \n                <div class=\"elementor-container elementor-column-gap-no\">\n                <div class=\"elementor-column elementor-col-100 elementor-inner-column elementor-element elementor-element-a71253b pxl-column-element-default\" data-id=\"a71253b\" data-element_type=\"column\" data-e-type=\"column\">\r\n        <div class=\"elementor-widget-wrap elementor-element-populated\">\r\n                    \t\t<div class=\"elementor-element elementor-element-3ff4fae pxl-heading-layout-1 elementor-widget elementor-widget-pxl_heading\" data-id=\"3ff4fae\" data-element_type=\"widget\" data-e-type=\"widget\" data-widget_type=\"pxl_heading.default\">\n\t\t\t\t<div class=\"elementor-widget-container\">\n\t\t\t\t\t<div class=\"pxl-heading-wrap d-flex layout1\">\n    <div class=\"pxl-heading-inner\">\n        \n        <h3 class=\"heading-title\">\n            <span >\n                Participaci\u00f3n en la comunidad            <\/span>\n                    <\/h3>\n\n            <\/div>\n<\/div>\n\n\t\t\t\t<\/div>\n\t\t\t\t<\/div>\n\t\t\t\t<div class=\"elementor-element elementor-element-3c13535 elementor-widget elementor-widget-pxl_text_editor\" data-id=\"3c13535\" data-element_type=\"widget\" data-e-type=\"widget\" data-widget_type=\"pxl_text_editor.default\">\n\t\t\t\t<div class=\"elementor-widget-container\">\n\t\t\t\t\t<div id=\"pxl_text_editor-3c13535-4513\" class=\"pxl-text-editor-wrap d-flex\" >\n\t<div class=\"pxl-text-editor elementor-clearfix\">\n        <p>Jasmin cree en retribuir a la comunidad y ha participado y ayudado a organizar eventos y programas de voluntariado para apoyar a otros.<\/p><ul><li>Programa de pasant\u00edas para aspirantes a profesionales del derecho durante el verano<\/li><li>Regalos de juguetes navide\u00f1os y esfuerzos de donaci\u00f3n comunitaria<\/li><li>Apoy\u00f3 el programa de mentor\u00eda y pasant\u00edas de secundaria de AAMA<\/li><li>Voluntariado en colectas de alimentos con\u00a0<strong>Centros Comunitarios Familiares<\/strong><\/li><\/ul>\t<\/div>\n<\/div>\t\t\t\t<\/div>\n\t\t\t\t<\/div>\n\t\t\t\t<div class=\"elementor-element elementor-element-e630f60 elementor-widget-divider--view-line elementor-widget elementor-widget-divider\" data-id=\"e630f60\" data-element_type=\"widget\" data-e-type=\"widget\" data-widget_type=\"divider.default\">\n\t\t\t\t\t\t\t<div class=\"elementor-divider\">\n\t\t\t<span class=\"elementor-divider-separator\">\n\t\t\t\t\t\t<\/span>\n\t\t<\/div>\n\t\t\t\t\t\t<\/div>\n\t\t                    <\/div>\r\n        <\/div>\r\n        \t\t\t<\/div>\n\t\t<\/section>\n\t\t        <section class=\"elementor-section elementor-inner-section elementor-element elementor-element-bcaf374 anchor-inner-item elementor-section-boxed elementor-section-height-default elementor-section-height-default pxl-shape-divider-none\" data-id=\"bcaf374\" data-element_type=\"section\" data-e-type=\"section\" id=\"anchor-inner-area\">\n\n                \n                <div class=\"elementor-container elementor-column-gap-no\">\n                <div class=\"elementor-column elementor-col-100 elementor-inner-column elementor-element elementor-element-4183e1f pxl-column-element-default\" data-id=\"4183e1f\" data-element_type=\"column\" data-e-type=\"column\">\r\n        <div class=\"elementor-widget-wrap elementor-element-populated\">\r\n                    \t\t<div class=\"elementor-element elementor-element-8f90546 pxl-heading-layout-1 elementor-widget elementor-widget-pxl_heading\" data-id=\"8f90546\" data-element_type=\"widget\" data-e-type=\"widget\" data-widget_type=\"pxl_heading.default\">\n\t\t\t\t<div class=\"elementor-widget-container\">\n\t\t\t\t\t<div class=\"pxl-heading-wrap d-flex layout1\">\n    <div class=\"pxl-heading-inner\">\n        \n        <h3 class=\"heading-title\">\n            <span >\n                Asociaciones profesionales y membres\u00edas            <\/span>\n                    <\/h3>\n\n            <\/div>\n<\/div>\n\n\t\t\t\t<\/div>\n\t\t\t\t<\/div>\n\t\t\t\t<div class=\"elementor-element elementor-element-444a335 elementor-widget elementor-widget-pxl_text_editor\" data-id=\"444a335\" data-element_type=\"widget\" data-e-type=\"widget\" data-widget_type=\"pxl_text_editor.default\">\n\t\t\t\t<div class=\"elementor-widget-container\">\n\t\t\t\t\t<div id=\"pxl_text_editor-444a335-1139\" class=\"pxl-text-editor-wrap d-flex\" >\n\t<div class=\"pxl-text-editor elementor-clearfix\">\n        <p>\u00a0\u00a0<\/p><ul><li>Asociaci\u00f3n de Asistentes Legales de Houston<\/li><\/ul>\t<\/div>\n<\/div>\t\t\t\t<\/div>\n\t\t\t\t<\/div>\n\t\t                    <\/div>\r\n        <\/div>\r\n        \t\t\t<\/div>\n\t\t<\/section>\n\t\t        <section class=\"elementor-section elementor-inner-section elementor-element elementor-element-1019c17 anchor-inner-item elementor-section-boxed elementor-section-height-default elementor-section-height-default pxl-shape-divider-none\" data-id=\"1019c17\" data-element_type=\"section\" data-e-type=\"section\" id=\"anchor-inner-case\">\n\n                \n                <div class=\"elementor-container elementor-column-gap-no\">\n                <div class=\"elementor-column elementor-col-100 elementor-inner-column elementor-element elementor-element-ea8fa61 pxl-column-element-default\" data-id=\"ea8fa61\" data-element_type=\"column\" data-e-type=\"column\">\r\n        <div class=\"elementor-widget-wrap elementor-element-populated\">\r\n                    \t\t<div class=\"elementor-element elementor-element-e657623 pxl-heading-layout-1 elementor-widget elementor-widget-pxl_heading\" data-id=\"e657623\" data-element_type=\"widget\" data-e-type=\"widget\" data-widget_type=\"pxl_heading.default\">\n\t\t\t\t<div class=\"elementor-widget-container\">\n\t\t\t\t\t<div class=\"pxl-heading-wrap d-flex layout1\">\n    <div class=\"pxl-heading-inner\">\n        \n        <h3 class=\"heading-title\">\n            <span >\n                casos destacados de abogados            <\/span>\n                    <\/h3>\n\n            <\/div>\n<\/div>\n\n\t\t\t\t<\/div>\n\t\t\t\t<\/div>\n\t\t\t\t<div class=\"elementor-element elementor-element-3a5c3a6 elementor-widget elementor-widget-pxl_text_editor\" data-id=\"3a5c3a6\" data-element_type=\"widget\" data-e-type=\"widget\" data-widget_type=\"pxl_text_editor.default\">\n\t\t\t\t<div class=\"elementor-widget-container\">\n\t\t\t\t\t<div id=\"pxl_text_editor-3a5c3a6-6452\" class=\"pxl-text-editor-wrap d-flex\" >\n\t<div class=\"pxl-text-editor elementor-clearfix\">\n        <ul><li>Ingl\u00e9s<\/li><li>Espa\u00f1ol<\/li><\/ul>\t<\/div>\n<\/div>\t\t\t\t<\/div>\n\t\t\t\t<\/div>\n\t\t                    <\/div>\r\n        <\/div>\r\n        \t\t\t<\/div>\n\t\t<\/section>\n\t\t                    <\/div>\r\n        <\/div>\r\n        \t\t\t<\/div>\n\t\t<\/section>\n\t\t\t\t<\/div>","protected":false},"excerpt":{"rendered":"<p>Jasmin Ann Rosas is a Senior Paralegal whose role combines advanced legal knowledge with years of hands-on experience managing complex cases and supporting attorneys. She brings a wealth of experience in Criminal Defense and has developed a deep passion for Personal Injury work. Serving as both a Case Manager and Litigation Paralegal, Jasmin is an [&hellip;]<\/p>\n","protected":false},"author":1,"featured_media":0,"parent":3893,"menu_order":0,"comment_status":"closed","ping_status":"closed","template":"","meta":{"footnotes":""},"class_list":["post-10915","page","type-page","status-publish","hentry"],"_links":{"self":[{"href":"https:\/\/acelawtx.com\/es\/wp-json\/wp\/v2\/pages\/10915","targetHints":{"allow":["GET"]}}],"collection":[{"href":"https:\/\/acelawtx.com\/es\/wp-json\/wp\/v2\/pages"}],"about":[{"href":"https:\/\/acelawtx.com\/es\/wp-json\/wp\/v2\/types\/page"}],"author":[{"embeddable":true,"href":"https:\/\/acelawtx.com\/es\/wp-json\/wp\/v2\/users\/1"}],"replies":[{"embeddable":true,"href":"https:\/\/acelawtx.com\/es\/wp-json\/wp\/v2\/comments?post=10915"}],"version-history":[{"count":6,"href":"https:\/\/acelawtx.com\/es\/wp-json\/wp\/v2\/pages\/10915\/revisions"}],"predecessor-version":[{"id":13386,"href":"https:\/\/acelawtx.com\/es\/wp-json\/wp\/v2\/pages\/10915\/revisions\/13386"}],"up":[{"embeddable":true,"href":"https:\/\/acelawtx.com\/es\/wp-json\/wp\/v2\/pages\/3893"}],"wp:attachment":[{"href":"https:\/\/acelawtx.com\/es\/wp-json\/wp\/v2\/media?parent=10915"}],"curies":[{"name":"wp","href":"https:\/\/api.w.org\/{rel}","templated":true}]}}